{"id":15,"date":"2017-02-06T15:50:58","date_gmt":"2017-02-06T14:50:58","guid":{"rendered":"http:\/\/elisabethduda.com\/?page_id=15"},"modified":"2021-03-14T20:01:57","modified_gmt":"2021-03-14T19:01:57","slug":"accueil","status":"publish","type":"page","link":"https:\/\/elisabethduda.com\/en\/","title":{"rendered":"HOME"},"content":{"rendered":"<p>[layerslider id=&#8221;3&#8243;]<\/p>\n<p>&nbsp;<\/p>\n<div  data-slideshow-options=\"{&quot;animation&quot;:&quot;fade&quot;,&quot;autoplay&quot;:false,&quot;loop_autoplay&quot;:&quot;once&quot;,&quot;interval&quot;:5,&quot;loop_manual&quot;:&quot;manual-endless&quot;,&quot;autoplay_stopper&quot;:false,&quot;noNavigation&quot;:false,&quot;show_slide_delay&quot;:90}\" class='avia-content-slider avia-content-grid-active avia-content-slider1 avia-content-slider-odd  avia-builder-el-0  avia-builder-el-no-sibling  av-slideshow-ui av-control-default   av-no-slider-navigation av-slideshow-manual av-loop-once av-loop-manual-endless '  itemscope=\"itemscope\" itemtype=\"https:\/\/schema.org\/Blog\" ><div class=\"avia-content-slider-inner\"><div class=\"slide-entry-wrap\"><article class='slide-entry flex_column  post-entry post-entry-677 slide-entry-overview slide-loop-1 slide-parity-odd  av_one_third first real-thumbnail posttype-post post-format-image'  itemscope=\"itemscope\" itemtype=\"https:\/\/schema.org\/CreativeWork\" ><a href='https:\/\/elisabethduda.com\/en\/2021\/03\/13\/le-paris-de-marie\/' data-rel='slide-1' class='slide-image' title='Madame Curie&#8217;s Paris'><img decoding=\"async\" fetchpriority=\"high\" width=\"495\" height=\"400\" src=\"https:\/\/elisabethduda.com\/wp-content\/uploads\/2021\/03\/Pary\u017c-Marii-Sk\u0142odowskiej-Curie.-Le-Paris-de-Marie.-Odc.-5-Dworzec-P\u00f3\u0142nocny-YouTube-495x400.jpg\" class=\"wp-image-719 avia-img-lazy-loading-not-719 attachment-portfolio size-portfolio wp-post-image\" alt=\"\" srcset=\"https:\/\/elisabethduda.com\/wp-content\/uploads\/2021\/03\/Pary\u017c-Marii-Sk\u0142odowskiej-Curie.-Le-Paris-de-Marie.-Odc.-5-Dworzec-P\u00f3\u0142nocny-YouTube-495x400.jpg 495w, https:\/\/elisabethduda.com\/wp-content\/uploads\/2021\/03\/Pary\u017c-Marii-Sk\u0142odowskiej-Curie.-Le-Paris-de-Marie.-Odc.-5-Dworzec-P\u00f3\u0142nocny-YouTube-845x684.jpg 845w\" sizes=\"(max-width: 495px) 100vw, 495px\" \/><\/a><div class=\"slide-content\"><header class=\"entry-content-header\" aria-label=\"Slide: Madame Curie&#039;s Paris\"><h3 class='slide-entry-title entry-title '  itemprop=\"headline\" ><a href='https:\/\/elisabethduda.com\/en\/2021\/03\/13\/le-paris-de-marie\/' title='Madame Curie&#8217;s Paris'>Madame Curie&#8217;s Paris<\/a><\/h3><span class=\"blog-categories minor-meta\"><a href=\"https:\/\/elisabethduda.com\/en\/category\/actualite-news\/\" rel=\"tag\">Actualit\u00e9<\/a> <\/span><span class=\"av-vertical-delimiter\"><\/span><\/header><div class='slide-entry-excerpt entry-content'  itemprop=\"text\" >\r\nLe Mus\u00e9e Marie Curie de Varsovie vous invite \u00e0 une s\u00e9rie de 10 films estivaux intitul\u00e9s \"Le Paris de Marie\", dans laquelle Elisabeth Duda, qui a incarn\u00e9 le double prix Nobel (dans le documentaire de Krzysztof Rogulski \"Dans les pas de\u2026<\/div><\/div><footer class=\"entry-footer\"><div class=\"slide-meta\"><time class='slide-meta-time updated'  itemprop=\"datePublished\" datetime=\"2021-03-13T18:32:50+00:00\" >13 March 2021<\/time><\/div><\/footer><span class='hidden'>\n\t\t\t\t<span class='av-structured-data'  itemprop=\"image\" itemscope=\"itemscope\" itemtype=\"https:\/\/schema.org\/ImageObject\" >\n\t\t\t\t\t\t<span itemprop='url'>https:\/\/elisabethduda.com\/wp-content\/uploads\/2021\/03\/Pary\u017c-Marii-Sk\u0142odowskiej-Curie.-Le-Paris-de-Marie.-Odc.-5-Dworzec-P\u00f3\u0142nocny-YouTube.jpg<\/span>\n\t\t\t\t\t\t<span itemprop='height'>1170<\/span>\n\t\t\t\t\t\t<span itemprop='width'>2532<\/span>\n\t\t\t\t<\/span>\n\t\t\t\t<span class='av-structured-data'  itemprop=\"publisher\" itemtype=\"https:\/\/schema.org\/Organization\" itemscope=\"itemscope\" >\n\t\t\t\t\t\t<span itemprop='name'>admin<\/span>\n\t\t\t\t\t\t<span itemprop='logo' itemscope itemtype='https:\/\/schema.org\/ImageObject'>\n\t\t\t\t\t\t\t<span itemprop='url'>http:\/\/elisabethduda.com\/wp-content\/uploads\/2021\/07\/logo-new.jpg<\/span>\n\t\t\t\t\t\t<\/span>\n\t\t\t\t<\/span><span class='av-structured-data'  itemprop=\"author\" itemscope=\"itemscope\" itemtype=\"https:\/\/schema.org\/Person\" ><span itemprop='name'>admin<\/span><\/span><span class='av-structured-data'  itemprop=\"datePublished\" datetime=\"2017-02-06T15:50:58+00:00\" >2021-03-13 18:32:50<\/span><span class='av-structured-data'  itemprop=\"dateModified\" itemtype=\"https:\/\/schema.org\/dateModified\" >2021-07-11 11:41:46<\/span><span class='av-structured-data'  itemprop=\"mainEntityOfPage\" itemtype=\"https:\/\/schema.org\/mainEntityOfPage\" ><span itemprop='name'>Madame Curie&#8217;s Paris<\/span><\/span><\/span><\/article><article class='slide-entry flex_column  post-entry post-entry-578 slide-entry-overview slide-loop-2 slide-parity-even  av_one_third  real-thumbnail posttype-post post-format-standard'  itemscope=\"itemscope\" itemtype=\"https:\/\/schema.org\/CreativeWork\" ><a href='https:\/\/elisabethduda.com\/en\/2020\/06\/25\/shooting-photo-avec-woytek-konarzewski\/' data-rel='slide-1' class='slide-image' title='photo shoot with Woytek Konarzewski'><img decoding=\"async\" fetchpriority=\"high\" width=\"495\" height=\"400\" src=\"https:\/\/elisabethduda.com\/wp-content\/uploads\/2020\/06\/1-3-495x400.jpg\" class=\"wp-image-668 avia-img-lazy-loading-not-668 attachment-portfolio size-portfolio wp-post-image\" alt=\"\" srcset=\"https:\/\/elisabethduda.com\/wp-content\/uploads\/2020\/06\/1-3-495x400.jpg 495w, https:\/\/elisabethduda.com\/wp-content\/uploads\/2020\/06\/1-3-845x684.jpg 845w\" sizes=\"(max-width: 495px) 100vw, 495px\" \/><\/a><div class=\"slide-content\"><header class=\"entry-content-header\" aria-label=\"Slide: photo shoot with Woytek Konarzewski\"><h3 class='slide-entry-title entry-title '  itemprop=\"headline\" ><a href='https:\/\/elisabethduda.com\/en\/2020\/06\/25\/shooting-photo-avec-woytek-konarzewski\/' title='photo shoot with Woytek Konarzewski'>photo shoot with Woytek Konarzewski<\/a><\/h3><span class=\"blog-categories minor-meta\"><a href=\"https:\/\/elisabethduda.com\/en\/category\/actualite-news\/\" rel=\"tag\">Actualit\u00e9<\/a> <\/span><span class=\"av-vertical-delimiter\"><\/span><\/header><div class='slide-entry-excerpt entry-content'  itemprop=\"text\" >WOYTEK KONARZEWSKI is a fantastic photographer, who came from Poland and lives in Paris. \r\n\r\nHe became my friend after 3 differents photo shots. \r\n\r\nHis style is always fresh and professional. Here's a summery:\r\n\r\n[layerslider id=\"12\"]<\/div><\/div><footer class=\"entry-footer\"><div class=\"slide-meta\"><time class='slide-meta-time updated'  itemprop=\"datePublished\" datetime=\"2020-06-25T13:08:53+00:00\" >25 June 2020<\/time><\/div><\/footer><span class='hidden'>\n\t\t\t\t<span class='av-structured-data'  itemprop=\"image\" itemscope=\"itemscope\" itemtype=\"https:\/\/schema.org\/ImageObject\" >\n\t\t\t\t\t\t<span itemprop='url'>https:\/\/elisabethduda.com\/wp-content\/uploads\/2020\/06\/1-3.jpg<\/span>\n\t\t\t\t\t\t<span itemprop='height'>1426<\/span>\n\t\t\t\t\t\t<span itemprop='width'>2500<\/span>\n\t\t\t\t<\/span>\n\t\t\t\t<span class='av-structured-data'  itemprop=\"publisher\" itemtype=\"https:\/\/schema.org\/Organization\" itemscope=\"itemscope\" >\n\t\t\t\t\t\t<span itemprop='name'>admin<\/span>\n\t\t\t\t\t\t<span itemprop='logo' itemscope itemtype='https:\/\/schema.org\/ImageObject'>\n\t\t\t\t\t\t\t<span itemprop='url'>http:\/\/elisabethduda.com\/wp-content\/uploads\/2021\/07\/logo-new.jpg<\/span>\n\t\t\t\t\t\t<\/span>\n\t\t\t\t<\/span><span class='av-structured-data'  itemprop=\"author\" itemscope=\"itemscope\" itemtype=\"https:\/\/schema.org\/Person\" ><span itemprop='name'>admin<\/span><\/span><span class='av-structured-data'  itemprop=\"datePublished\" datetime=\"2017-02-06T15:50:58+00:00\" >2020-06-25 13:08:53<\/span><span class='av-structured-data'  itemprop=\"dateModified\" itemtype=\"https:\/\/schema.org\/dateModified\" >2020-06-25 13:17:40<\/span><span class='av-structured-data'  itemprop=\"mainEntityOfPage\" itemtype=\"https:\/\/schema.org\/mainEntityOfPage\" ><span itemprop='name'>photo shoot with Woytek Konarzewski<\/span><\/span><\/span><\/article><article class='slide-entry flex_column  post-entry post-entry-585 slide-entry-overview slide-loop-3 slide-parity-odd  av_one_third  real-thumbnail posttype-post post-format-standard'  itemscope=\"itemscope\" itemtype=\"https:\/\/schema.org\/CreativeWork\" ><a href='https:\/\/elisabethduda.com\/en\/2020\/06\/17\/poesies-et-lectures-inspirations-de-confinement\/' data-rel='slide-1' class='slide-image' title='poems and readings: creativity in quaranteen'><img decoding=\"async\" fetchpriority=\"high\" width=\"495\" height=\"400\" src=\"https:\/\/elisabethduda.com\/wp-content\/uploads\/2020\/06\/15-495x400.jpg\" class=\"wp-image-440 avia-img-lazy-loading-not-440 attachment-portfolio size-portfolio wp-post-image\" alt=\"\" srcset=\"https:\/\/elisabethduda.com\/wp-content\/uploads\/2020\/06\/15-495x400.jpg 495w, https:\/\/elisabethduda.com\/wp-content\/uploads\/2020\/06\/15-845x684.jpg 845w\" sizes=\"(max-width: 495px) 100vw, 495px\" \/><\/a><div class=\"slide-content\"><header class=\"entry-content-header\" aria-label=\"Slide: poems and readings: creativity in quaranteen\"><h3 class='slide-entry-title entry-title '  itemprop=\"headline\" ><a href='https:\/\/elisabethduda.com\/en\/2020\/06\/17\/poesies-et-lectures-inspirations-de-confinement\/' title='poems and readings: creativity in quaranteen'>poems and readings: creativity in quaranteen<\/a><\/h3><span class=\"blog-categories minor-meta\"><a href=\"https:\/\/elisabethduda.com\/en\/category\/actualite-news\/\" rel=\"tag\">Actualit\u00e9<\/a>, <a href=\"https:\/\/elisabethduda.com\/en\/category\/confinement\/\" rel=\"tag\">QUARANTEEN<\/a> <\/span><span class=\"av-vertical-delimiter\"><\/span><\/header><div class='slide-entry-excerpt entry-content'  itemprop=\"text\" >(photo \u00a9 Woytek Konarzewski)\r\n\r\nDuring the quaranteen, some of us were able to do what they never dared to undertake, or finally closed unfinished projects; some others decided to mop in motionless darkness. Briefly said, everyone has his own\u2026<\/div><\/div><footer class=\"entry-footer\"><div class=\"slide-meta\"><time class='slide-meta-time updated'  itemprop=\"datePublished\" datetime=\"2020-06-17T20:21:08+00:00\" >17 June 2020<\/time><\/div><\/footer><span class='hidden'>\n\t\t\t\t<span class='av-structured-data'  itemprop=\"image\" itemscope=\"itemscope\" itemtype=\"https:\/\/schema.org\/ImageObject\" >\n\t\t\t\t\t\t<span itemprop='url'>https:\/\/elisabethduda.com\/wp-content\/uploads\/2020\/06\/15.jpg<\/span>\n\t\t\t\t\t\t<span itemprop='height'>1300<\/span>\n\t\t\t\t\t\t<span itemprop='width'>1041<\/span>\n\t\t\t\t<\/span>\n\t\t\t\t<span class='av-structured-data'  itemprop=\"publisher\" itemtype=\"https:\/\/schema.org\/Organization\" itemscope=\"itemscope\" >\n\t\t\t\t\t\t<span itemprop='name'>admin<\/span>\n\t\t\t\t\t\t<span itemprop='logo' itemscope itemtype='https:\/\/schema.org\/ImageObject'>\n\t\t\t\t\t\t\t<span itemprop='url'>http:\/\/elisabethduda.com\/wp-content\/uploads\/2021\/07\/logo-new.jpg<\/span>\n\t\t\t\t\t\t<\/span>\n\t\t\t\t<\/span><span class='av-structured-data'  itemprop=\"author\" itemscope=\"itemscope\" itemtype=\"https:\/\/schema.org\/Person\" ><span itemprop='name'>admin<\/span><\/span><span class='av-structured-data'  itemprop=\"datePublished\" datetime=\"2017-02-06T15:50:58+00:00\" >2020-06-17 20:21:08<\/span><span class='av-structured-data'  itemprop=\"dateModified\" itemtype=\"https:\/\/schema.org\/dateModified\" >2020-06-18 15:42:00<\/span><span class='av-structured-data'  itemprop=\"mainEntityOfPage\" itemtype=\"https:\/\/schema.org\/mainEntityOfPage\" ><span itemprop='name'>poems and readings: creativity in quaranteen<\/span><\/span><\/span><\/article><\/div><div class=\"slide-entry-wrap\"><article class='slide-entry flex_column  post-entry post-entry-575 slide-entry-overview slide-loop-4 slide-parity-odd  av_one_third first real-thumbnail posttype-post post-format-standard'  itemscope=\"itemscope\" itemtype=\"https:\/\/schema.org\/CreativeWork\" ><a href='https:\/\/elisabethduda.com\/en\/2020\/06\/16\/shoot-photo-avec-le-celebre-affichiste-michal-batory\/' data-rel='slide-1' class='slide-image' title='Shooting pics with Michal Batory'><img decoding=\"async\" fetchpriority=\"high\" width=\"495\" height=\"400\" src=\"https:\/\/elisabethduda.com\/wp-content\/uploads\/2020\/06\/Ela-8-NB-495x400.jpg\" class=\"wp-image-460 avia-img-lazy-loading-not-460 attachment-portfolio size-portfolio wp-post-image\" alt=\"\" srcset=\"https:\/\/elisabethduda.com\/wp-content\/uploads\/2020\/06\/Ela-8-NB-495x400.jpg 495w, https:\/\/elisabethduda.com\/wp-content\/uploads\/2020\/06\/Ela-8-NB-845x684.jpg 845w\" sizes=\"(max-width: 495px) 100vw, 495px\" \/><\/a><div class=\"slide-content\"><header class=\"entry-content-header\" aria-label=\"Slide: Shooting pics with Michal Batory\"><h3 class='slide-entry-title entry-title '  itemprop=\"headline\" ><a href='https:\/\/elisabethduda.com\/en\/2020\/06\/16\/shoot-photo-avec-le-celebre-affichiste-michal-batory\/' title='Shooting pics with Michal Batory'>Shooting pics with Michal Batory<\/a><\/h3><span class=\"blog-categories minor-meta\"><a href=\"https:\/\/elisabethduda.com\/en\/category\/actualite-news\/\" rel=\"tag\">Actualit\u00e9<\/a> <\/span><span class=\"av-vertical-delimiter\"><\/span><\/header><div class='slide-entry-excerpt entry-content'  itemprop=\"text\" >MICHA\u0141 BATORY is first of all a friend of mine.\r\n\r\nBut he is actually one of the most important creator of posters in the world.\r\n\r\nOne day I discover his work as a photographer in his parisian atelier. I wondered secretly that one day he would\u2026<\/div><\/div><footer class=\"entry-footer\"><div class=\"slide-meta\"><time class='slide-meta-time updated'  itemprop=\"datePublished\" datetime=\"2020-06-16T15:48:14+00:00\" >16 June 2020<\/time><\/div><\/footer><span class='hidden'>\n\t\t\t\t<span class='av-structured-data'  itemprop=\"image\" itemscope=\"itemscope\" itemtype=\"https:\/\/schema.org\/ImageObject\" >\n\t\t\t\t\t\t<span itemprop='url'>https:\/\/elisabethduda.com\/wp-content\/uploads\/2020\/06\/Ela-8-NB-scaled.jpg<\/span>\n\t\t\t\t\t\t<span itemprop='height'>2560<\/span>\n\t\t\t\t\t\t<span itemprop='width'>1707<\/span>\n\t\t\t\t<\/span>\n\t\t\t\t<span class='av-structured-data'  itemprop=\"publisher\" itemtype=\"https:\/\/schema.org\/Organization\" itemscope=\"itemscope\" >\n\t\t\t\t\t\t<span itemprop='name'>admin<\/span>\n\t\t\t\t\t\t<span itemprop='logo' itemscope itemtype='https:\/\/schema.org\/ImageObject'>\n\t\t\t\t\t\t\t<span itemprop='url'>http:\/\/elisabethduda.com\/wp-content\/uploads\/2021\/07\/logo-new.jpg<\/span>\n\t\t\t\t\t\t<\/span>\n\t\t\t\t<\/span><span class='av-structured-data'  itemprop=\"author\" itemscope=\"itemscope\" itemtype=\"https:\/\/schema.org\/Person\" ><span itemprop='name'>admin<\/span><\/span><span class='av-structured-data'  itemprop=\"datePublished\" datetime=\"2017-02-06T15:50:58+00:00\" >2020-06-16 15:48:14<\/span><span class='av-structured-data'  itemprop=\"dateModified\" itemtype=\"https:\/\/schema.org\/dateModified\" >2020-06-16 15:54:39<\/span><span class='av-structured-data'  itemprop=\"mainEntityOfPage\" itemtype=\"https:\/\/schema.org\/mainEntityOfPage\" ><span itemprop='name'>Shooting pics with Michal Batory<\/span><\/span><\/span><\/article><article class='slide-entry flex_column  post-entry post-entry-532 slide-entry-overview slide-loop-5 slide-parity-even  av_one_third  real-thumbnail posttype-post post-format-standard'  itemscope=\"itemscope\" itemtype=\"https:\/\/schema.org\/CreativeWork\" ><a href='https:\/\/elisabethduda.com\/en\/2020\/06\/14\/souvenirs-du-tournage-viva-la-bella\/' data-rel='slide-1' class='slide-image' title='Souvenirs from the shooting of VIVA LA BELLA'><img decoding=\"async\" fetchpriority=\"high\" width=\"495\" height=\"400\" src=\"https:\/\/elisabethduda.com\/wp-content\/uploads\/2020\/06\/IMG_2815-495x400.jpg\" class=\"wp-image-483 avia-img-lazy-loading-not-483 attachment-portfolio size-portfolio wp-post-image\" alt=\"\" srcset=\"https:\/\/elisabethduda.com\/wp-content\/uploads\/2020\/06\/IMG_2815-495x400.jpg 495w, https:\/\/elisabethduda.com\/wp-content\/uploads\/2020\/06\/IMG_2815-845x684.jpg 845w\" sizes=\"(max-width: 495px) 100vw, 495px\" \/><\/a><div class=\"slide-content\"><header class=\"entry-content-header\" aria-label=\"Slide: Souvenirs from the shooting of VIVA LA BELLA\"><h3 class='slide-entry-title entry-title '  itemprop=\"headline\" ><a href='https:\/\/elisabethduda.com\/en\/2020\/06\/14\/souvenirs-du-tournage-viva-la-bella\/' title='Souvenirs from the shooting of VIVA LA BELLA'>Souvenirs from the shooting of VIVA LA BELLA<\/a><\/h3><span class=\"blog-categories minor-meta\"><a href=\"https:\/\/elisabethduda.com\/en\/category\/actualite-news\/\" rel=\"tag\">Actualit\u00e9<\/a> <\/span><span class=\"av-vertical-delimiter\"><\/span><\/header><div class='slide-entry-excerpt entry-content'  itemprop=\"text\" >At the whole begining of March 2020, just before the Coronavirus Pandemia, I was pretty lucky to play the main role in a short movie, directed by VIGGIE called VIVA LA BELLA. We shot it in the beautiful city of Nice, in the south of France with\u2026<\/div><\/div><footer class=\"entry-footer\"><div class=\"slide-meta\"><time class='slide-meta-time updated'  itemprop=\"datePublished\" datetime=\"2020-06-14T22:03:02+00:00\" >14 June 2020<\/time><\/div><\/footer><span class='hidden'>\n\t\t\t\t<span class='av-structured-data'  itemprop=\"image\" itemscope=\"itemscope\" itemtype=\"https:\/\/schema.org\/ImageObject\" >\n\t\t\t\t\t\t<span itemprop='url'>https:\/\/elisabethduda.com\/wp-content\/uploads\/2020\/06\/IMG_2815-scaled.jpg<\/span>\n\t\t\t\t\t\t<span itemprop='height'>1707<\/span>\n\t\t\t\t\t\t<span itemprop='width'>2560<\/span>\n\t\t\t\t<\/span>\n\t\t\t\t<span class='av-structured-data'  itemprop=\"publisher\" itemtype=\"https:\/\/schema.org\/Organization\" itemscope=\"itemscope\" >\n\t\t\t\t\t\t<span itemprop='name'>admin<\/span>\n\t\t\t\t\t\t<span itemprop='logo' itemscope itemtype='https:\/\/schema.org\/ImageObject'>\n\t\t\t\t\t\t\t<span itemprop='url'>http:\/\/elisabethduda.com\/wp-content\/uploads\/2021\/07\/logo-new.jpg<\/span>\n\t\t\t\t\t\t<\/span>\n\t\t\t\t<\/span><span class='av-structured-data'  itemprop=\"author\" itemscope=\"itemscope\" itemtype=\"https:\/\/schema.org\/Person\" ><span itemprop='name'>admin<\/span><\/span><span class='av-structured-data'  itemprop=\"datePublished\" datetime=\"2017-02-06T15:50:58+00:00\" >2020-06-14 22:03:02<\/span><span class='av-structured-data'  itemprop=\"dateModified\" itemtype=\"https:\/\/schema.org\/dateModified\" >2020-06-15 16:53:29<\/span><span class='av-structured-data'  itemprop=\"mainEntityOfPage\" itemtype=\"https:\/\/schema.org\/mainEntityOfPage\" ><span itemprop='name'>Souvenirs from the shooting of VIVA LA BELLA<\/span><\/span><\/span><\/article><article class='slide-entry flex_column  post-entry post-entry-391 slide-entry-overview slide-loop-6 slide-parity-odd  post-entry-last  av_one_third  real-thumbnail posttype-post post-format-image'  itemscope=\"itemscope\" itemtype=\"https:\/\/schema.org\/CreativeWork\" ><a href='https:\/\/elisabethduda.com\/en\/2018\/03\/22\/grace-a-pierre-taisne-un-role-passionnant-mattend-au-perou-en-novembre-prochain\/' data-rel='slide-1' class='slide-image' title='Great news, I join the cast of the next Pierre Taisne&#8217;s movie'><img decoding=\"async\" fetchpriority=\"high\" width=\"495\" height=\"400\" src=\"https:\/\/elisabethduda.com\/wp-content\/uploads\/2018\/03\/affiche-495x400.jpg\" class=\"wp-image-394 avia-img-lazy-loading-not-394 attachment-portfolio size-portfolio wp-post-image\" alt=\"\" \/><\/a><div class=\"slide-content\"><header class=\"entry-content-header\" aria-label=\"Slide: Great news, I join the cast of the next Pierre Taisne&#039;s movie\"><h3 class='slide-entry-title entry-title '  itemprop=\"headline\" ><a href='https:\/\/elisabethduda.com\/en\/2018\/03\/22\/grace-a-pierre-taisne-un-role-passionnant-mattend-au-perou-en-novembre-prochain\/' title='Great news, I join the cast of the next Pierre Taisne&#8217;s movie'>Great news, I join the cast of the next Pierre Taisne&#8217;s movie<\/a><\/h3><span class=\"blog-categories minor-meta\"><a href=\"https:\/\/elisabethduda.com\/en\/category\/actualite-news\/\" rel=\"tag\">Actualit\u00e9<\/a> <\/span><span class=\"av-vertical-delimiter\"><\/span><\/header><div class='slide-entry-excerpt entry-content'  itemprop=\"text\" >https:\/\/www.yuraqthemovie.com\/single-post\/2018\/03\/16\/Elisabeth-Duda-joins-the-cast<\/div><\/div><footer class=\"entry-footer\"><div class=\"slide-meta\"><time class='slide-meta-time updated'  itemprop=\"datePublished\" datetime=\"2018-03-22T14:56:39+00:00\" >22 March 2018<\/time><\/div><\/footer><span class='hidden'>\n\t\t\t\t<span class='av-structured-data'  itemprop=\"image\" itemscope=\"itemscope\" itemtype=\"https:\/\/schema.org\/ImageObject\" >\n\t\t\t\t\t\t<span itemprop='url'>https:\/\/elisabethduda.com\/wp-content\/uploads\/2018\/03\/affiche.jpg<\/span>\n\t\t\t\t\t\t<span itemprop='height'>1000<\/span>\n\t\t\t\t\t\t<span itemprop='width'>654<\/span>\n\t\t\t\t<\/span>\n\t\t\t\t<span class='av-structured-data'  itemprop=\"publisher\" itemtype=\"https:\/\/schema.org\/Organization\" itemscope=\"itemscope\" >\n\t\t\t\t\t\t<span itemprop='name'>admin<\/span>\n\t\t\t\t\t\t<span itemprop='logo' itemscope itemtype='https:\/\/schema.org\/ImageObject'>\n\t\t\t\t\t\t\t<span itemprop='url'>http:\/\/elisabethduda.com\/wp-content\/uploads\/2021\/07\/logo-new.jpg<\/span>\n\t\t\t\t\t\t<\/span>\n\t\t\t\t<\/span><span class='av-structured-data'  itemprop=\"author\" itemscope=\"itemscope\" itemtype=\"https:\/\/schema.org\/Person\" ><span itemprop='name'>admin<\/span><\/span><span class='av-structured-data'  itemprop=\"datePublished\" datetime=\"2017-02-06T15:50:58+00:00\" >2018-03-22 14:56:39<\/span><span class='av-structured-data'  itemprop=\"dateModified\" itemtype=\"https:\/\/schema.org\/dateModified\" >2018-03-24 12:15:45<\/span><span class='av-structured-data'  itemprop=\"mainEntityOfPage\" itemtype=\"https:\/\/schema.org\/mainEntityOfPage\" ><span itemprop='name'>Great news, I join the cast of the next Pierre Taisne&#8217;s movie<\/span><\/span><\/span><\/article><\/div><\/div><div class='pagination-wrap pagination-slider'><nav class='pagination'><span class='pagination-meta'>Page 1 of 3<\/span><span class='current'>1<\/span><a href='https:\/\/elisabethduda.com\/en\/wp-json\/wp\/v2\/pages\/15\/?avia-element-paging=2' class='inactive next_page' >2<\/a><a href='https:\/\/elisabethduda.com\/en\/wp-json\/wp\/v2\/pages\/15\/?avia-element-paging=3' class='inactive' >3<\/a><\/nav>\n<\/div><\/div>\n<p>&nbsp;<\/p>\n","protected":false},"excerpt":{"rendered":"<p>[layerslider id=&#8221;3&#8243;] &nbsp; &nbsp;<\/p>\n","protected":false},"author":1,"featured_media":0,"parent":0,"menu_order":0,"comment_status":"closed","ping_status":"closed","template":"","meta":{"footnotes":""},"class_list":["post-15","page","type-page","status-publish","hentry"],"_links":{"self":[{"href":"https:\/\/elisabethduda.com\/en\/wp-json\/wp\/v2\/pages\/15","targetHints":{"allow":["GET"]}}],"collection":[{"href":"https:\/\/elisabethduda.com\/en\/wp-json\/wp\/v2\/pages"}],"about":[{"href":"https:\/\/elisabethduda.com\/en\/wp-json\/wp\/v2\/types\/page"}],"author":[{"embeddable":true,"href":"https:\/\/elisabethduda.com\/en\/wp-json\/wp\/v2\/users\/1"}],"replies":[{"embeddable":true,"href":"https:\/\/elisabethduda.com\/en\/wp-json\/wp\/v2\/comments?post=15"}],"version-history":[{"count":11,"href":"https:\/\/elisabethduda.com\/en\/wp-json\/wp\/v2\/pages\/15\/revisions"}],"predecessor-version":[{"id":722,"href":"https:\/\/elisabethduda.com\/en\/wp-json\/wp\/v2\/pages\/15\/revisions\/722"}],"wp:attachment":[{"href":"https:\/\/elisabethduda.com\/en\/wp-json\/wp\/v2\/media?parent=15"}],"curies":[{"name":"wp","href":"https:\/\/api.w.org\/{rel}","templated":true}]}}