{"id":15,"date":"2017-02-06T15:50:58","date_gmt":"2017-02-06T14:50:58","guid":{"rendered":"http:\/\/elisabethduda.com\/?page_id=15"},"modified":"2021-03-14T20:01:57","modified_gmt":"2021-03-14T19:01:57","slug":"accueil","status":"publish","type":"page","link":"https:\/\/elisabethduda.com\/fr\/","title":{"rendered":"ACCUEIL"},"content":{"rendered":"<p>[layerslider id=\u00a0\u00bb3&Prime;]<\/p>\n<p>&nbsp;<\/p>\n<div  data-slideshow-options=\"{&quot;animation&quot;:&quot;fade&quot;,&quot;autoplay&quot;:false,&quot;loop_autoplay&quot;:&quot;once&quot;,&quot;interval&quot;:5,&quot;loop_manual&quot;:&quot;manual-endless&quot;,&quot;autoplay_stopper&quot;:false,&quot;noNavigation&quot;:false,&quot;show_slide_delay&quot;:90}\" class='avia-content-slider avia-content-grid-active avia-content-slider1 avia-content-slider-odd  avia-builder-el-0  avia-builder-el-no-sibling  av-slideshow-ui av-control-default   av-no-slider-navigation av-slideshow-manual av-loop-once av-loop-manual-endless '  itemscope=\"itemscope\" itemtype=\"https:\/\/schema.org\/Blog\" ><div class=\"avia-content-slider-inner\"><div class=\"slide-entry-wrap\"><article class='slide-entry flex_column  post-entry post-entry-677 slide-entry-overview slide-loop-1 slide-parity-odd  av_one_third first real-thumbnail posttype-post post-format-image'  itemscope=\"itemscope\" itemtype=\"https:\/\/schema.org\/CreativeWork\" ><a href='https:\/\/elisabethduda.com\/fr\/2021\/03\/13\/le-paris-de-marie\/' data-rel='slide-1' class='slide-image' title='Le Paris de Marie'><img decoding=\"async\" fetchpriority=\"high\" width=\"495\" height=\"400\" src=\"https:\/\/elisabethduda.com\/wp-content\/uploads\/2021\/03\/Pary\u017c-Marii-Sk\u0142odowskiej-Curie.-Le-Paris-de-Marie.-Odc.-5-Dworzec-P\u00f3\u0142nocny-YouTube-495x400.jpg\" class=\"wp-image-719 avia-img-lazy-loading-not-719 attachment-portfolio size-portfolio wp-post-image\" alt=\"\" srcset=\"https:\/\/elisabethduda.com\/wp-content\/uploads\/2021\/03\/Pary\u017c-Marii-Sk\u0142odowskiej-Curie.-Le-Paris-de-Marie.-Odc.-5-Dworzec-P\u00f3\u0142nocny-YouTube-495x400.jpg 495w, https:\/\/elisabethduda.com\/wp-content\/uploads\/2021\/03\/Pary\u017c-Marii-Sk\u0142odowskiej-Curie.-Le-Paris-de-Marie.-Odc.-5-Dworzec-P\u00f3\u0142nocny-YouTube-845x684.jpg 845w\" sizes=\"(max-width: 495px) 100vw, 495px\" \/><\/a><div class=\"slide-content\"><header class=\"entry-content-header\" aria-label=\"Slide: Le Paris de Marie\"><h3 class='slide-entry-title entry-title '  itemprop=\"headline\" ><a href='https:\/\/elisabethduda.com\/fr\/2021\/03\/13\/le-paris-de-marie\/' title='Le Paris de Marie'>Le Paris de Marie<\/a><\/h3><span class=\"blog-categories minor-meta\"><a href=\"https:\/\/elisabethduda.com\/fr\/category\/actualite-news\/\" rel=\"tag\">Actualit\u00e9<\/a> <\/span><span class=\"av-vertical-delimiter\"><\/span><\/header><div class='slide-entry-excerpt entry-content'  itemprop=\"text\" >\r\nLe Mus\u00e9e Marie Curie de Varsovie vous invite \u00e0 une s\u00e9rie de 10 films estivaux intitul\u00e9s \"Le Paris de Marie\", dans laquelle Elisabeth Duda, qui a incarn\u00e9 le double prix Nobel (dans le documentaire de Krzysztof Rogulski \"Dans les pas de\u2026<\/div><\/div><footer class=\"entry-footer\"><div class=\"slide-meta\"><time class='slide-meta-time updated'  itemprop=\"datePublished\" datetime=\"2021-03-13T18:32:50+00:00\" >13 mars 2021<\/time><\/div><\/footer><span class='hidden'>\n\t\t\t\t<span class='av-structured-data'  itemprop=\"image\" itemscope=\"itemscope\" itemtype=\"https:\/\/schema.org\/ImageObject\" >\n\t\t\t\t\t\t<span itemprop='url'>https:\/\/elisabethduda.com\/wp-content\/uploads\/2021\/03\/Pary\u017c-Marii-Sk\u0142odowskiej-Curie.-Le-Paris-de-Marie.-Odc.-5-Dworzec-P\u00f3\u0142nocny-YouTube.jpg<\/span>\n\t\t\t\t\t\t<span itemprop='height'>1170<\/span>\n\t\t\t\t\t\t<span itemprop='width'>2532<\/span>\n\t\t\t\t<\/span>\n\t\t\t\t<span class='av-structured-data'  itemprop=\"publisher\" itemtype=\"https:\/\/schema.org\/Organization\" itemscope=\"itemscope\" >\n\t\t\t\t\t\t<span itemprop='name'>admin<\/span>\n\t\t\t\t\t\t<span itemprop='logo' itemscope itemtype='https:\/\/schema.org\/ImageObject'>\n\t\t\t\t\t\t\t<span itemprop='url'>http:\/\/elisabethduda.com\/wp-content\/uploads\/2021\/07\/logo-new.jpg<\/span>\n\t\t\t\t\t\t<\/span>\n\t\t\t\t<\/span><span class='av-structured-data'  itemprop=\"author\" itemscope=\"itemscope\" itemtype=\"https:\/\/schema.org\/Person\" ><span itemprop='name'>admin<\/span><\/span><span class='av-structured-data'  itemprop=\"datePublished\" datetime=\"2017-02-06T15:50:58+00:00\" >2021-03-13 18:32:50<\/span><span class='av-structured-data'  itemprop=\"dateModified\" itemtype=\"https:\/\/schema.org\/dateModified\" >2021-07-11 11:41:46<\/span><span class='av-structured-data'  itemprop=\"mainEntityOfPage\" itemtype=\"https:\/\/schema.org\/mainEntityOfPage\" ><span itemprop='name'>Le Paris de Marie<\/span><\/span><\/span><\/article><article class='slide-entry flex_column  post-entry post-entry-578 slide-entry-overview slide-loop-2 slide-parity-even  av_one_third  real-thumbnail posttype-post post-format-standard'  itemscope=\"itemscope\" itemtype=\"https:\/\/schema.org\/CreativeWork\" ><a href='https:\/\/elisabethduda.com\/fr\/2020\/06\/25\/shooting-photo-avec-woytek-konarzewski\/' data-rel='slide-1' class='slide-image' title='Shooting photo avec Woytek Konarzewski'><img decoding=\"async\" fetchpriority=\"high\" width=\"495\" height=\"400\" src=\"https:\/\/elisabethduda.com\/wp-content\/uploads\/2020\/06\/1-3-495x400.jpg\" class=\"wp-image-668 avia-img-lazy-loading-not-668 attachment-portfolio size-portfolio wp-post-image\" alt=\"\" srcset=\"https:\/\/elisabethduda.com\/wp-content\/uploads\/2020\/06\/1-3-495x400.jpg 495w, https:\/\/elisabethduda.com\/wp-content\/uploads\/2020\/06\/1-3-845x684.jpg 845w\" sizes=\"(max-width: 495px) 100vw, 495px\" \/><\/a><div class=\"slide-content\"><header class=\"entry-content-header\" aria-label=\"Slide: Shooting photo avec Woytek Konarzewski\"><h3 class='slide-entry-title entry-title '  itemprop=\"headline\" ><a href='https:\/\/elisabethduda.com\/fr\/2020\/06\/25\/shooting-photo-avec-woytek-konarzewski\/' title='Shooting photo avec Woytek Konarzewski'>Shooting photo avec Woytek Konarzewski<\/a><\/h3><span class=\"blog-categories minor-meta\"><a href=\"https:\/\/elisabethduda.com\/fr\/category\/actualite-news\/\" rel=\"tag\">Actualit\u00e9<\/a> <\/span><span class=\"av-vertical-delimiter\"><\/span><\/header><div class='slide-entry-excerpt entry-content'  itemprop=\"text\" >WOYTEK KONARZEWSKI est un photographe franco-polonais, qui a travaill\u00e9 pour Vogue, Sina Press et a r\u00e9alis\u00e9 les portraits de centaines d'artistes, li\u00e9s au monde du Th\u00e9\u00e2tre, du Cin\u00e9ma et de la Litt\u00e9rature. Nous nous sommes rencontr\u00e9s\u2026<\/div><\/div><footer class=\"entry-footer\"><div class=\"slide-meta\"><time class='slide-meta-time updated'  itemprop=\"datePublished\" datetime=\"2020-06-25T13:08:53+00:00\" >25 juin 2020<\/time><\/div><\/footer><span class='hidden'>\n\t\t\t\t<span class='av-structured-data'  itemprop=\"image\" itemscope=\"itemscope\" itemtype=\"https:\/\/schema.org\/ImageObject\" >\n\t\t\t\t\t\t<span itemprop='url'>https:\/\/elisabethduda.com\/wp-content\/uploads\/2020\/06\/1-3.jpg<\/span>\n\t\t\t\t\t\t<span itemprop='height'>1426<\/span>\n\t\t\t\t\t\t<span itemprop='width'>2500<\/span>\n\t\t\t\t<\/span>\n\t\t\t\t<span class='av-structured-data'  itemprop=\"publisher\" itemtype=\"https:\/\/schema.org\/Organization\" itemscope=\"itemscope\" >\n\t\t\t\t\t\t<span itemprop='name'>admin<\/span>\n\t\t\t\t\t\t<span itemprop='logo' itemscope itemtype='https:\/\/schema.org\/ImageObject'>\n\t\t\t\t\t\t\t<span itemprop='url'>http:\/\/elisabethduda.com\/wp-content\/uploads\/2021\/07\/logo-new.jpg<\/span>\n\t\t\t\t\t\t<\/span>\n\t\t\t\t<\/span><span class='av-structured-data'  itemprop=\"author\" itemscope=\"itemscope\" itemtype=\"https:\/\/schema.org\/Person\" ><span itemprop='name'>admin<\/span><\/span><span class='av-structured-data'  itemprop=\"datePublished\" datetime=\"2017-02-06T15:50:58+00:00\" >2020-06-25 13:08:53<\/span><span class='av-structured-data'  itemprop=\"dateModified\" itemtype=\"https:\/\/schema.org\/dateModified\" >2020-06-25 13:17:40<\/span><span class='av-structured-data'  itemprop=\"mainEntityOfPage\" itemtype=\"https:\/\/schema.org\/mainEntityOfPage\" ><span itemprop='name'>Shooting photo avec Woytek Konarzewski<\/span><\/span><\/span><\/article><article class='slide-entry flex_column  post-entry post-entry-585 slide-entry-overview slide-loop-3 slide-parity-odd  av_one_third  real-thumbnail posttype-post post-format-standard'  itemscope=\"itemscope\" itemtype=\"https:\/\/schema.org\/CreativeWork\" ><a href='https:\/\/elisabethduda.com\/fr\/2020\/06\/17\/poesies-et-lectures-inspirations-de-confinement\/' data-rel='slide-1' class='slide-image' title='Po\u00e9sies et lectures: inspirations de confinement'><img decoding=\"async\" fetchpriority=\"high\" width=\"495\" height=\"400\" src=\"https:\/\/elisabethduda.com\/wp-content\/uploads\/2020\/06\/15-495x400.jpg\" class=\"wp-image-440 avia-img-lazy-loading-not-440 attachment-portfolio size-portfolio wp-post-image\" alt=\"\" srcset=\"https:\/\/elisabethduda.com\/wp-content\/uploads\/2020\/06\/15-495x400.jpg 495w, https:\/\/elisabethduda.com\/wp-content\/uploads\/2020\/06\/15-845x684.jpg 845w\" sizes=\"(max-width: 495px) 100vw, 495px\" \/><\/a><div class=\"slide-content\"><header class=\"entry-content-header\" aria-label=\"Slide: Po\u00e9sies et lectures: inspirations de confinement\"><h3 class='slide-entry-title entry-title '  itemprop=\"headline\" ><a href='https:\/\/elisabethduda.com\/fr\/2020\/06\/17\/poesies-et-lectures-inspirations-de-confinement\/' title='Po\u00e9sies et lectures: inspirations de confinement'>Po\u00e9sies et lectures: inspirations de confinement<\/a><\/h3><span class=\"blog-categories minor-meta\"><a href=\"https:\/\/elisabethduda.com\/fr\/category\/actualite-news\/\" rel=\"tag\">Actualit\u00e9<\/a>, <a href=\"https:\/\/elisabethduda.com\/fr\/category\/confinement\/\" rel=\"tag\">CONFINEMENT<\/a> <\/span><span class=\"av-vertical-delimiter\"><\/span><\/header><div class='slide-entry-excerpt entry-content'  itemprop=\"text\" >(photo \u00a9 Woytek Konarzewski)\r\n\r\nPendant le confinement, certains se sont \u00e9mus de pouvoir enfin r\u00e9aliser ce qu'il n'avaient jamais os\u00e9 entreprendre ou clore des projets inachev\u00e9s; d'autres ont d\u00e9cid\u00e9 de se morfondre dans une noirceur immobile.\u2026<\/div><\/div><footer class=\"entry-footer\"><div class=\"slide-meta\"><time class='slide-meta-time updated'  itemprop=\"datePublished\" datetime=\"2020-06-17T20:21:08+00:00\" >17 juin 2020<\/time><\/div><\/footer><span class='hidden'>\n\t\t\t\t<span class='av-structured-data'  itemprop=\"image\" itemscope=\"itemscope\" itemtype=\"https:\/\/schema.org\/ImageObject\" >\n\t\t\t\t\t\t<span itemprop='url'>https:\/\/elisabethduda.com\/wp-content\/uploads\/2020\/06\/15.jpg<\/span>\n\t\t\t\t\t\t<span itemprop='height'>1300<\/span>\n\t\t\t\t\t\t<span itemprop='width'>1041<\/span>\n\t\t\t\t<\/span>\n\t\t\t\t<span class='av-structured-data'  itemprop=\"publisher\" itemtype=\"https:\/\/schema.org\/Organization\" itemscope=\"itemscope\" >\n\t\t\t\t\t\t<span itemprop='name'>admin<\/span>\n\t\t\t\t\t\t<span itemprop='logo' itemscope itemtype='https:\/\/schema.org\/ImageObject'>\n\t\t\t\t\t\t\t<span itemprop='url'>http:\/\/elisabethduda.com\/wp-content\/uploads\/2021\/07\/logo-new.jpg<\/span>\n\t\t\t\t\t\t<\/span>\n\t\t\t\t<\/span><span class='av-structured-data'  itemprop=\"author\" itemscope=\"itemscope\" itemtype=\"https:\/\/schema.org\/Person\" ><span itemprop='name'>admin<\/span><\/span><span class='av-structured-data'  itemprop=\"datePublished\" datetime=\"2017-02-06T15:50:58+00:00\" >2020-06-17 20:21:08<\/span><span class='av-structured-data'  itemprop=\"dateModified\" itemtype=\"https:\/\/schema.org\/dateModified\" >2020-06-18 15:42:00<\/span><span class='av-structured-data'  itemprop=\"mainEntityOfPage\" itemtype=\"https:\/\/schema.org\/mainEntityOfPage\" ><span itemprop='name'>Po\u00e9sies et lectures: inspirations de confinement<\/span><\/span><\/span><\/article><\/div><div class=\"slide-entry-wrap\"><article class='slide-entry flex_column  post-entry post-entry-575 slide-entry-overview slide-loop-4 slide-parity-odd  av_one_third first real-thumbnail posttype-post post-format-standard'  itemscope=\"itemscope\" itemtype=\"https:\/\/schema.org\/CreativeWork\" ><a href='https:\/\/elisabethduda.com\/fr\/2020\/06\/16\/shoot-photo-avec-le-celebre-affichiste-michal-batory\/' data-rel='slide-1' class='slide-image' title='Shoot photo avec le c\u00e9l\u00e8bre affichiste Michal Batory'><img decoding=\"async\" fetchpriority=\"high\" width=\"495\" height=\"400\" src=\"https:\/\/elisabethduda.com\/wp-content\/uploads\/2020\/06\/Ela-8-NB-495x400.jpg\" class=\"wp-image-460 avia-img-lazy-loading-not-460 attachment-portfolio size-portfolio wp-post-image\" alt=\"\" srcset=\"https:\/\/elisabethduda.com\/wp-content\/uploads\/2020\/06\/Ela-8-NB-495x400.jpg 495w, https:\/\/elisabethduda.com\/wp-content\/uploads\/2020\/06\/Ela-8-NB-845x684.jpg 845w\" sizes=\"(max-width: 495px) 100vw, 495px\" \/><\/a><div class=\"slide-content\"><header class=\"entry-content-header\" aria-label=\"Slide: Shoot photo avec le c\u00e9l\u00e8bre affichiste Michal Batory\"><h3 class='slide-entry-title entry-title '  itemprop=\"headline\" ><a href='https:\/\/elisabethduda.com\/fr\/2020\/06\/16\/shoot-photo-avec-le-celebre-affichiste-michal-batory\/' title='Shoot photo avec le c\u00e9l\u00e8bre affichiste Michal Batory'>Shoot photo avec le c\u00e9l\u00e8bre affichiste Michal Batory<\/a><\/h3><span class=\"blog-categories minor-meta\"><a href=\"https:\/\/elisabethduda.com\/fr\/category\/actualite-news\/\" rel=\"tag\">Actualit\u00e9<\/a> <\/span><span class=\"av-vertical-delimiter\"><\/span><\/header><div class='slide-entry-excerpt entry-content'  itemprop=\"text\" >MICHA\u0141 BATORY, c'est avant tout un ami. \r\n\r\nMais c'est accessoirement l'un des plus grands affichistes au monde. \r\n\r\nJe le sais, car je lui ai organis\u00e9 une expo lors de la semaine franco-polonaise en novembre 2018. Un jour, ses photos tra\u00eenaient\u2026<\/div><\/div><footer class=\"entry-footer\"><div class=\"slide-meta\"><time class='slide-meta-time updated'  itemprop=\"datePublished\" datetime=\"2020-06-16T15:48:14+00:00\" >16 juin 2020<\/time><\/div><\/footer><span class='hidden'>\n\t\t\t\t<span class='av-structured-data'  itemprop=\"image\" itemscope=\"itemscope\" itemtype=\"https:\/\/schema.org\/ImageObject\" >\n\t\t\t\t\t\t<span itemprop='url'>https:\/\/elisabethduda.com\/wp-content\/uploads\/2020\/06\/Ela-8-NB-scaled.jpg<\/span>\n\t\t\t\t\t\t<span itemprop='height'>2560<\/span>\n\t\t\t\t\t\t<span itemprop='width'>1707<\/span>\n\t\t\t\t<\/span>\n\t\t\t\t<span class='av-structured-data'  itemprop=\"publisher\" itemtype=\"https:\/\/schema.org\/Organization\" itemscope=\"itemscope\" >\n\t\t\t\t\t\t<span itemprop='name'>admin<\/span>\n\t\t\t\t\t\t<span itemprop='logo' itemscope itemtype='https:\/\/schema.org\/ImageObject'>\n\t\t\t\t\t\t\t<span itemprop='url'>http:\/\/elisabethduda.com\/wp-content\/uploads\/2021\/07\/logo-new.jpg<\/span>\n\t\t\t\t\t\t<\/span>\n\t\t\t\t<\/span><span class='av-structured-data'  itemprop=\"author\" itemscope=\"itemscope\" itemtype=\"https:\/\/schema.org\/Person\" ><span itemprop='name'>admin<\/span><\/span><span class='av-structured-data'  itemprop=\"datePublished\" datetime=\"2017-02-06T15:50:58+00:00\" >2020-06-16 15:48:14<\/span><span class='av-structured-data'  itemprop=\"dateModified\" itemtype=\"https:\/\/schema.org\/dateModified\" >2020-06-16 15:54:39<\/span><span class='av-structured-data'  itemprop=\"mainEntityOfPage\" itemtype=\"https:\/\/schema.org\/mainEntityOfPage\" ><span itemprop='name'>Shoot photo avec le c\u00e9l\u00e8bre affichiste Michal Batory<\/span><\/span><\/span><\/article><article class='slide-entry flex_column  post-entry post-entry-532 slide-entry-overview slide-loop-5 slide-parity-even  av_one_third  real-thumbnail posttype-post post-format-standard'  itemscope=\"itemscope\" itemtype=\"https:\/\/schema.org\/CreativeWork\" ><a href='https:\/\/elisabethduda.com\/fr\/2020\/06\/14\/souvenirs-du-tournage-viva-la-bella\/' data-rel='slide-1' class='slide-image' title='Souvenirs du tournage VIVA LA BELLA'><img decoding=\"async\" fetchpriority=\"high\" width=\"495\" height=\"400\" src=\"https:\/\/elisabethduda.com\/wp-content\/uploads\/2020\/06\/IMG_2815-495x400.jpg\" class=\"wp-image-483 avia-img-lazy-loading-not-483 attachment-portfolio size-portfolio wp-post-image\" alt=\"\" srcset=\"https:\/\/elisabethduda.com\/wp-content\/uploads\/2020\/06\/IMG_2815-495x400.jpg 495w, https:\/\/elisabethduda.com\/wp-content\/uploads\/2020\/06\/IMG_2815-845x684.jpg 845w\" sizes=\"(max-width: 495px) 100vw, 495px\" \/><\/a><div class=\"slide-content\"><header class=\"entry-content-header\" aria-label=\"Slide: Souvenirs du tournage VIVA LA BELLA\"><h3 class='slide-entry-title entry-title '  itemprop=\"headline\" ><a href='https:\/\/elisabethduda.com\/fr\/2020\/06\/14\/souvenirs-du-tournage-viva-la-bella\/' title='Souvenirs du tournage VIVA LA BELLA'>Souvenirs du tournage VIVA LA BELLA<\/a><\/h3><span class=\"blog-categories minor-meta\"><a href=\"https:\/\/elisabethduda.com\/fr\/category\/actualite-news\/\" rel=\"tag\">Actualit\u00e9<\/a> <\/span><span class=\"av-vertical-delimiter\"><\/span><\/header><div class='slide-entry-excerpt entry-content'  itemprop=\"text\" >D\u00e9but mars 2020, juste quelques jours avant le confinement d\u00fb \u00e0 la pand\u00e9mie du coronavirus, nous avons tourn\u00e9 in extremis VIVA LA BELLA, un court-m\u00e9trage \u00e9crit et r\u00e9alis\u00e9 par VIGGIE. Le film est actuellement en montage, \u00e9talonnage\u2026<\/div><\/div><footer class=\"entry-footer\"><div class=\"slide-meta\"><time class='slide-meta-time updated'  itemprop=\"datePublished\" datetime=\"2020-06-14T22:03:02+00:00\" >14 juin 2020<\/time><\/div><\/footer><span class='hidden'>\n\t\t\t\t<span class='av-structured-data'  itemprop=\"image\" itemscope=\"itemscope\" itemtype=\"https:\/\/schema.org\/ImageObject\" >\n\t\t\t\t\t\t<span itemprop='url'>https:\/\/elisabethduda.com\/wp-content\/uploads\/2020\/06\/IMG_2815-scaled.jpg<\/span>\n\t\t\t\t\t\t<span itemprop='height'>1707<\/span>\n\t\t\t\t\t\t<span itemprop='width'>2560<\/span>\n\t\t\t\t<\/span>\n\t\t\t\t<span class='av-structured-data'  itemprop=\"publisher\" itemtype=\"https:\/\/schema.org\/Organization\" itemscope=\"itemscope\" >\n\t\t\t\t\t\t<span itemprop='name'>admin<\/span>\n\t\t\t\t\t\t<span itemprop='logo' itemscope itemtype='https:\/\/schema.org\/ImageObject'>\n\t\t\t\t\t\t\t<span itemprop='url'>http:\/\/elisabethduda.com\/wp-content\/uploads\/2021\/07\/logo-new.jpg<\/span>\n\t\t\t\t\t\t<\/span>\n\t\t\t\t<\/span><span class='av-structured-data'  itemprop=\"author\" itemscope=\"itemscope\" itemtype=\"https:\/\/schema.org\/Person\" ><span itemprop='name'>admin<\/span><\/span><span class='av-structured-data'  itemprop=\"datePublished\" datetime=\"2017-02-06T15:50:58+00:00\" >2020-06-14 22:03:02<\/span><span class='av-structured-data'  itemprop=\"dateModified\" itemtype=\"https:\/\/schema.org\/dateModified\" >2020-06-15 16:53:29<\/span><span class='av-structured-data'  itemprop=\"mainEntityOfPage\" itemtype=\"https:\/\/schema.org\/mainEntityOfPage\" ><span itemprop='name'>Souvenirs du tournage VIVA LA BELLA<\/span><\/span><\/span><\/article><article class='slide-entry flex_column  post-entry post-entry-391 slide-entry-overview slide-loop-6 slide-parity-odd  post-entry-last  av_one_third  real-thumbnail posttype-post post-format-image'  itemscope=\"itemscope\" itemtype=\"https:\/\/schema.org\/CreativeWork\" ><a href='https:\/\/elisabethduda.com\/fr\/2018\/03\/22\/grace-a-pierre-taisne-un-role-passionnant-mattend-au-perou-en-novembre-prochain\/' data-rel='slide-1' class='slide-image' title='Gr\u00e2ce \u00e0 Pierre Taisne, un r\u00f4le passionnant m&rsquo;attend au P\u00e9rou en novembre prochain!'><img decoding=\"async\" fetchpriority=\"high\" width=\"495\" height=\"400\" src=\"https:\/\/elisabethduda.com\/wp-content\/uploads\/2018\/03\/affiche-495x400.jpg\" class=\"wp-image-394 avia-img-lazy-loading-not-394 attachment-portfolio size-portfolio wp-post-image\" alt=\"\" \/><\/a><div class=\"slide-content\"><header class=\"entry-content-header\" aria-label=\"Slide: Gr\u00e2ce \u00e0 Pierre Taisne, un r\u00f4le passionnant m&#039;attend au P\u00e9rou en novembre prochain!\"><h3 class='slide-entry-title entry-title '  itemprop=\"headline\" ><a href='https:\/\/elisabethduda.com\/fr\/2018\/03\/22\/grace-a-pierre-taisne-un-role-passionnant-mattend-au-perou-en-novembre-prochain\/' title='Gr\u00e2ce \u00e0 Pierre Taisne, un r\u00f4le passionnant m&rsquo;attend au P\u00e9rou en novembre prochain!'>Gr\u00e2ce \u00e0 Pierre Taisne, un r\u00f4le passionnant m&rsquo;attend au P\u00e9rou en novembre prochain!<\/a><\/h3><span class=\"blog-categories minor-meta\"><a href=\"https:\/\/elisabethduda.com\/fr\/category\/actualite-news\/\" rel=\"tag\">Actualit\u00e9<\/a> <\/span><span class=\"av-vertical-delimiter\"><\/span><\/header><div class='slide-entry-excerpt entry-content'  itemprop=\"text\" >https:\/\/www.yuraqthemovie.com\/single-post\/2018\/03\/16\/Elisabeth-Duda-joins-the-cast<\/div><\/div><footer class=\"entry-footer\"><div class=\"slide-meta\"><time class='slide-meta-time updated'  itemprop=\"datePublished\" datetime=\"2018-03-22T14:56:39+00:00\" >22 mars 2018<\/time><\/div><\/footer><span class='hidden'>\n\t\t\t\t<span class='av-structured-data'  itemprop=\"image\" itemscope=\"itemscope\" itemtype=\"https:\/\/schema.org\/ImageObject\" >\n\t\t\t\t\t\t<span itemprop='url'>https:\/\/elisabethduda.com\/wp-content\/uploads\/2018\/03\/affiche.jpg<\/span>\n\t\t\t\t\t\t<span itemprop='height'>1000<\/span>\n\t\t\t\t\t\t<span itemprop='width'>654<\/span>\n\t\t\t\t<\/span>\n\t\t\t\t<span class='av-structured-data'  itemprop=\"publisher\" itemtype=\"https:\/\/schema.org\/Organization\" itemscope=\"itemscope\" >\n\t\t\t\t\t\t<span itemprop='name'>admin<\/span>\n\t\t\t\t\t\t<span itemprop='logo' itemscope itemtype='https:\/\/schema.org\/ImageObject'>\n\t\t\t\t\t\t\t<span itemprop='url'>http:\/\/elisabethduda.com\/wp-content\/uploads\/2021\/07\/logo-new.jpg<\/span>\n\t\t\t\t\t\t<\/span>\n\t\t\t\t<\/span><span class='av-structured-data'  itemprop=\"author\" itemscope=\"itemscope\" itemtype=\"https:\/\/schema.org\/Person\" ><span itemprop='name'>admin<\/span><\/span><span class='av-structured-data'  itemprop=\"datePublished\" datetime=\"2017-02-06T15:50:58+00:00\" >2018-03-22 14:56:39<\/span><span class='av-structured-data'  itemprop=\"dateModified\" itemtype=\"https:\/\/schema.org\/dateModified\" >2018-03-24 12:15:45<\/span><span class='av-structured-data'  itemprop=\"mainEntityOfPage\" itemtype=\"https:\/\/schema.org\/mainEntityOfPage\" ><span itemprop='name'>Gr\u00e2ce \u00e0 Pierre Taisne, un r\u00f4le passionnant m&rsquo;attend au P\u00e9rou en novembre prochain!<\/span><\/span><\/span><\/article><\/div><\/div><div class='pagination-wrap pagination-slider'><nav class='pagination'><span class='pagination-meta'>Page 1 sur 3<\/span><span class='current'>1<\/span><a href='https:\/\/elisabethduda.com\/fr\/wp-json\/wp\/v2\/pages\/15\/?avia-element-paging=2' class='inactive next_page' >2<\/a><a href='https:\/\/elisabethduda.com\/fr\/wp-json\/wp\/v2\/pages\/15\/?avia-element-paging=3' class='inactive' >3<\/a><\/nav>\n<\/div><\/div>\n<p>&nbsp;<\/p>\n","protected":false},"excerpt":{"rendered":"<p>[layerslider id=\u00a0\u00bb3&Prime;] &nbsp; &nbsp;<\/p>\n","protected":false},"author":1,"featured_media":0,"parent":0,"menu_order":0,"comment_status":"closed","ping_status":"closed","template":"","meta":{"footnotes":""},"class_list":["post-15","page","type-page","status-publish","hentry"],"_links":{"self":[{"href":"https:\/\/elisabethduda.com\/fr\/wp-json\/wp\/v2\/pages\/15","targetHints":{"allow":["GET"]}}],"collection":[{"href":"https:\/\/elisabethduda.com\/fr\/wp-json\/wp\/v2\/pages"}],"about":[{"href":"https:\/\/elisabethduda.com\/fr\/wp-json\/wp\/v2\/types\/page"}],"author":[{"embeddable":true,"href":"https:\/\/elisabethduda.com\/fr\/wp-json\/wp\/v2\/users\/1"}],"replies":[{"embeddable":true,"href":"https:\/\/elisabethduda.com\/fr\/wp-json\/wp\/v2\/comments?post=15"}],"version-history":[{"count":11,"href":"https:\/\/elisabethduda.com\/fr\/wp-json\/wp\/v2\/pages\/15\/revisions"}],"predecessor-version":[{"id":722,"href":"https:\/\/elisabethduda.com\/fr\/wp-json\/wp\/v2\/pages\/15\/revisions\/722"}],"wp:attachment":[{"href":"https:\/\/elisabethduda.com\/fr\/wp-json\/wp\/v2\/media?parent=15"}],"curies":[{"name":"wp","href":"https:\/\/api.w.org\/{rel}","templated":true}]}}