{"id":159,"date":"2017-03-14T11:51:44","date_gmt":"2017-03-14T10:51:44","guid":{"rendered":"http:\/\/elisabethduda.com\/?page_id=159"},"modified":"2022-04-12T19:15:41","modified_gmt":"2022-04-12T17:15:41","slug":"cours-sans-te-retourner","status":"publish","type":"page","link":"https:\/\/elisabethduda.com\/fr\/cours-sans-te-retourner\/","title":{"rendered":"Cours sans te retourner"},"content":{"rendered":"<p>Srulik, un jeune gar\u00e7on juif polonais, a 5 ans lorsque \u00e9clate la Seconde Guerre mondiale. En 1942, apr\u00e8s avoir perdu ses parents, il r\u00e9ussit \u00e0 s&rsquo;enfuir du ghetto de Varsovie.<\/p>\n<p>Il se cache dans la for\u00eat, puis trouve refuge chez Magda (Elisabeth Duda), une jeune femme catholique. Magda \u00e9tant surveill\u00e9e par les Allemands, il doit la quitter et va de ferme en ferme chercher du travail pour se nourrir.<\/p>\n<p>Pour survivre il doit oublier son nom et cacher qu&rsquo;il est juif.<\/p>\n<p><div style=\"width: 640px;\" class=\"wp-video\"><video class=\"wp-video-shortcode\" id=\"video-159-1\" width=\"640\" height=\"360\" preload=\"metadata\" controls=\"controls\"><source type=\"video\/mp4\" src=\"http:\/\/elisabethduda.com\/wp-content\/uploads\/2022\/04\/cours.mp4?_=1\" \/><a href=\"http:\/\/elisabethduda.com\/wp-content\/uploads\/2022\/04\/cours.mp4\">http:\/\/elisabethduda.com\/wp-content\/uploads\/2022\/04\/cours.mp4<\/a><\/video><\/div>","protected":false},"excerpt":{"rendered":"<p>Srulik, un jeune gar\u00e7on juif polonais, a 5 ans lorsque \u00e9clate la Seconde Guerre mondiale. En 1942, apr\u00e8s avoir perdu ses parents, il r\u00e9ussit \u00e0 s&rsquo;enfuir du ghetto de Varsovie. Il se cache dans la for\u00eat, puis trouve refuge chez Magda (Elisabeth Duda), une jeune femme catholique. Magda \u00e9tant surveill\u00e9e par les Allemands, il doit [&hellip;]<\/p>\n","protected":false},"author":1,"featured_media":0,"parent":0,"menu_order":0,"comment_status":"closed","ping_status":"closed","template":"","meta":{"footnotes":""},"class_list":["post-159","page","type-page","status-publish","hentry"],"_links":{"self":[{"href":"https:\/\/elisabethduda.com\/fr\/wp-json\/wp\/v2\/pages\/159","targetHints":{"allow":["GET"]}}],"collection":[{"href":"https:\/\/elisabethduda.com\/fr\/wp-json\/wp\/v2\/pages"}],"about":[{"href":"https:\/\/elisabethduda.com\/fr\/wp-json\/wp\/v2\/types\/page"}],"author":[{"embeddable":true,"href":"https:\/\/elisabethduda.com\/fr\/wp-json\/wp\/v2\/users\/1"}],"replies":[{"embeddable":true,"href":"https:\/\/elisabethduda.com\/fr\/wp-json\/wp\/v2\/comments?post=159"}],"version-history":[{"count":11,"href":"https:\/\/elisabethduda.com\/fr\/wp-json\/wp\/v2\/pages\/159\/revisions"}],"predecessor-version":[{"id":844,"href":"https:\/\/elisabethduda.com\/fr\/wp-json\/wp\/v2\/pages\/159\/revisions\/844"}],"wp:attachment":[{"href":"https:\/\/elisabethduda.com\/fr\/wp-json\/wp\/v2\/media?parent=159"}],"curies":[{"name":"wp","href":"https:\/\/api.w.org\/{rel}","templated":true}]}}