{"id":811,"date":"2022-04-12T18:15:24","date_gmt":"2022-04-12T16:15:24","guid":{"rendered":"http:\/\/elisabethduda.com\/?page_id=811"},"modified":"2022-04-12T20:01:04","modified_gmt":"2022-04-12T18:01:04","slug":"2-sur-la-balancoire","status":"publish","type":"page","link":"https:\/\/elisabethduda.com\/fr\/2-sur-la-balancoire\/","title":{"rendered":"2 sur la Balan\u00e7oire"},"content":{"rendered":"<p><\/p>\n<h6>C&rsquo;est quoi aimer ? Aimer, c&rsquo;est tomber jusqu&rsquo;au fond l&rsquo;un de l&rsquo;autre&#8230; Aimer, c&rsquo;est se d\u00e9tester en se tenant par la main !<\/h6>\n<div><img loading=\"lazy\" decoding=\"async\" class=\"alignnone size-large wp-image-763\" src=\"http:\/\/elisabethduda.com\/wp-content\/uploads\/2022\/04\/AFFICHE-DSLB--339x480.jpg\" alt=\"\" width=\"339\" height=\"480\" srcset=\"https:\/\/elisabethduda.com\/wp-content\/uploads\/2022\/04\/AFFICHE-DSLB--339x480.jpg 339w, https:\/\/elisabethduda.com\/wp-content\/uploads\/2022\/04\/AFFICHE-DSLB--212x300.jpg 212w, https:\/\/elisabethduda.com\/wp-content\/uploads\/2022\/04\/AFFICHE-DSLB--768x1086.jpg 768w, https:\/\/elisabethduda.com\/wp-content\/uploads\/2022\/04\/AFFICHE-DSLB--1086x1536.jpg 1086w, https:\/\/elisabethduda.com\/wp-content\/uploads\/2022\/04\/AFFICHE-DSLB--1448x2048.jpg 1448w, https:\/\/elisabethduda.com\/wp-content\/uploads\/2022\/04\/AFFICHE-DSLB--1061x1500.jpg 1061w, https:\/\/elisabethduda.com\/wp-content\/uploads\/2022\/04\/AFFICHE-DSLB--499x705.jpg 499w, https:\/\/elisabethduda.com\/wp-content\/uploads\/2022\/04\/AFFICHE-DSLB--scaled.jpg 1810w\" sizes=\"auto, (max-width: 339px) 100vw, 339px\" \/> \u00a0\u00a0\u00a0 <img loading=\"lazy\" decoding=\"async\" class=\"alignnone size-large wp-image-762\" src=\"http:\/\/elisabethduda.com\/wp-content\/uploads\/2022\/04\/DSLB-2-321x480.jpeg\" alt=\"\" width=\"321\" height=\"480\" srcset=\"https:\/\/elisabethduda.com\/wp-content\/uploads\/2022\/04\/DSLB-2-321x480.jpeg 321w, https:\/\/elisabethduda.com\/wp-content\/uploads\/2022\/04\/DSLB-2-201x300.jpeg 201w, https:\/\/elisabethduda.com\/wp-content\/uploads\/2022\/04\/DSLB-2-768x1147.jpeg 768w, https:\/\/elisabethduda.com\/wp-content\/uploads\/2022\/04\/DSLB-2-1028x1536.jpeg 1028w, https:\/\/elisabethduda.com\/wp-content\/uploads\/2022\/04\/DSLB-2-1004x1500.jpeg 1004w, https:\/\/elisabethduda.com\/wp-content\/uploads\/2022\/04\/DSLB-2-472x705.jpeg 472w, https:\/\/elisabethduda.com\/wp-content\/uploads\/2022\/04\/DSLB-2.jpeg 1128w\" sizes=\"auto, (max-width: 321px) 100vw, 321px\" \/><\/div>\n<div id=\"speDescription\">Comment aimer ? Deux \u00eatres : Clara et Jerry se rencontrent par hasard, s&rsquo;aiment par hasard mais se donnent par passion. Deux \u00eatres amoureux de la vie qui vibrent, s&rsquo;enlacent, se d\u00e9truisent, r\u00eavent&#8230; un couple au parcours haletant o\u00f9 se m\u00ealent le rire, l&rsquo;ironie am\u00e8re et beaucoup d&rsquo;incompr\u00e9hension.<br \/>\nUn couple sur une balan\u00e7oire fragile, fr\u00eale esquif, perdu dans un New-York \u00e9tincelant et mondain.<br \/>\nCette tragi-com\u00e9die, nouvelle adaptation fran\u00e7aise de la pi\u00e8ce \u00ab\u00a0Two for the seesaw\u00a0\u00bb vous fera d\u00e9couvrir deux com\u00e9diens \u00e9blouissants de tendresse, d&rsquo;\u00e9motion retenue, de folie cr\u00e9ative : Elisabeth Duda et Johann Morio dans la lign\u00e9e des couples mythiques qui ont jalonn\u00e9 les repr\u00e9sentations de cette pi\u00e8ce.<br \/>\nUn souffle nouveau dans la vie de cette merveilleuse pi\u00e8ce : \u00ab\u00a0Deux sur la balan\u00e7oire\u00a0\u00bb.<\/div>\n<div><\/div>\n<div>\n<div style=\"width: 940px;\" class=\"wp-video\"><video class=\"wp-video-shortcode\" id=\"video-811-1\" width=\"940\" height=\"788\" preload=\"metadata\" controls=\"controls\"><source type=\"video\/mp4\" src=\"http:\/\/elisabethduda.com\/wp-content\/uploads\/2022\/04\/2.mp4?_=1\" \/><a href=\"http:\/\/elisabethduda.com\/wp-content\/uploads\/2022\/04\/2.mp4\">http:\/\/elisabethduda.com\/wp-content\/uploads\/2022\/04\/2.mp4<\/a><\/video><\/div>\n<\/div>\n<div><\/div>\n<div class=\"evtCredits\"><b>Auteur :<\/b> <strong>William Gibson<\/strong><br \/>\n<b> Artistes : Elisabeth Duda et Johann Morio<\/b><br \/>\n<b> Metteur en sc\u00e8ne : <\/b><strong>Gabriel Szapiro et Marguerite Kloeckner<\/strong><\/div>\n<div><a href=\"https:\/\/www.billetreduc.com\/277339\/evtcrit.htm\"><strong>Lire les critiques<\/strong> <\/a><\/div>\n<div><\/div>\n<div><\/div>\n<div><\/div>\n<hr \/>\n<hr \/>\n<p><\/p>","protected":false},"excerpt":{"rendered":"<p>C&rsquo;est quoi aimer ? Aimer, c&rsquo;est tomber jusqu&rsquo;au fond l&rsquo;un de l&rsquo;autre&#8230; Aimer, c&rsquo;est se d\u00e9tester en se tenant par la main ! \u00a0\u00a0\u00a0 Comment aimer ? Deux \u00eatres : Clara et Jerry se rencontrent par hasard, s&rsquo;aiment par hasard mais se donnent par passion. Deux \u00eatres amoureux de la vie qui vibrent, s&rsquo;enlacent, se [&hellip;]<\/p>\n","protected":false},"author":1,"featured_media":0,"parent":0,"menu_order":0,"comment_status":"closed","ping_status":"closed","template":"","meta":{"footnotes":""},"class_list":["post-811","page","type-page","status-publish","hentry"],"_links":{"self":[{"href":"https:\/\/elisabethduda.com\/fr\/wp-json\/wp\/v2\/pages\/811","targetHints":{"allow":["GET"]}}],"collection":[{"href":"https:\/\/elisabethduda.com\/fr\/wp-json\/wp\/v2\/pages"}],"about":[{"href":"https:\/\/elisabethduda.com\/fr\/wp-json\/wp\/v2\/types\/page"}],"author":[{"embeddable":true,"href":"https:\/\/elisabethduda.com\/fr\/wp-json\/wp\/v2\/users\/1"}],"replies":[{"embeddable":true,"href":"https:\/\/elisabethduda.com\/fr\/wp-json\/wp\/v2\/comments?post=811"}],"version-history":[{"count":18,"href":"https:\/\/elisabethduda.com\/fr\/wp-json\/wp\/v2\/pages\/811\/revisions"}],"predecessor-version":[{"id":882,"href":"https:\/\/elisabethduda.com\/fr\/wp-json\/wp\/v2\/pages\/811\/revisions\/882"}],"wp:attachment":[{"href":"https:\/\/elisabethduda.com\/fr\/wp-json\/wp\/v2\/media?parent=811"}],"curies":[{"name":"wp","href":"https:\/\/api.w.org\/{rel}","templated":true}]}}