{"id":15,"date":"2017-02-06T15:50:58","date_gmt":"2017-02-06T14:50:58","guid":{"rendered":"http:\/\/elisabethduda.com\/?page_id=15"},"modified":"2021-03-14T20:01:57","modified_gmt":"2021-03-14T19:01:57","slug":"accueil","status":"publish","type":"page","link":"https:\/\/elisabethduda.com\/pl\/","title":{"rendered":"STRONA G\u0141\u00d3WNA"},"content":{"rendered":"<p>[layerslider id=&#8221;3&#8243;]<\/p>\n<p>&nbsp;<\/p>\n<div  data-slideshow-options=\"{&quot;animation&quot;:&quot;fade&quot;,&quot;autoplay&quot;:false,&quot;loop_autoplay&quot;:&quot;once&quot;,&quot;interval&quot;:5,&quot;loop_manual&quot;:&quot;manual-endless&quot;,&quot;autoplay_stopper&quot;:false,&quot;noNavigation&quot;:false,&quot;show_slide_delay&quot;:90}\" class='avia-content-slider avia-content-grid-active avia-content-slider1 avia-content-slider-odd  avia-builder-el-0  avia-builder-el-no-sibling  av-slideshow-ui av-control-default   av-no-slider-navigation av-slideshow-manual av-loop-once av-loop-manual-endless '  itemscope=\"itemscope\" itemtype=\"https:\/\/schema.org\/Blog\" ><div class=\"avia-content-slider-inner\"><div class=\"slide-entry-wrap\"><article class='slide-entry flex_column  post-entry post-entry-677 slide-entry-overview slide-loop-1 slide-parity-odd  av_one_third first real-thumbnail posttype-post post-format-image'  itemscope=\"itemscope\" itemtype=\"https:\/\/schema.org\/CreativeWork\" ><a href='https:\/\/elisabethduda.com\/pl\/2021\/03\/13\/le-paris-de-marie\/' data-rel='slide-1' class='slide-image' title='Pary\u017c Marii Sk\u0142odowskiej-Curie. Le Paris de Marie.'><img decoding=\"async\" fetchpriority=\"high\" width=\"495\" height=\"400\" src=\"https:\/\/elisabethduda.com\/wp-content\/uploads\/2021\/03\/Pary\u017c-Marii-Sk\u0142odowskiej-Curie.-Le-Paris-de-Marie.-Odc.-5-Dworzec-P\u00f3\u0142nocny-YouTube-495x400.jpg\" class=\"wp-image-719 avia-img-lazy-loading-not-719 attachment-portfolio size-portfolio wp-post-image\" alt=\"\" srcset=\"https:\/\/elisabethduda.com\/wp-content\/uploads\/2021\/03\/Pary\u017c-Marii-Sk\u0142odowskiej-Curie.-Le-Paris-de-Marie.-Odc.-5-Dworzec-P\u00f3\u0142nocny-YouTube-495x400.jpg 495w, https:\/\/elisabethduda.com\/wp-content\/uploads\/2021\/03\/Pary\u017c-Marii-Sk\u0142odowskiej-Curie.-Le-Paris-de-Marie.-Odc.-5-Dworzec-P\u00f3\u0142nocny-YouTube-845x684.jpg 845w\" sizes=\"(max-width: 495px) 100vw, 495px\" \/><\/a><div class=\"slide-content\"><header class=\"entry-content-header\" aria-label=\"Slide: Pary\u017c Marii Sk\u0142odowskiej-Curie. Le Paris de Marie.\"><h3 class='slide-entry-title entry-title '  itemprop=\"headline\" ><a href='https:\/\/elisabethduda.com\/pl\/2021\/03\/13\/le-paris-de-marie\/' title='Pary\u017c Marii Sk\u0142odowskiej-Curie. Le Paris de Marie.'>Pary\u017c Marii Sk\u0142odowskiej-Curie. Le Paris de Marie.<\/a><\/h3><span class=\"blog-categories minor-meta\"><a href=\"https:\/\/elisabethduda.com\/pl\/category\/actualite-news\/\" rel=\"tag\">Actualit\u00e9<\/a> <\/span><span class=\"av-vertical-delimiter\"><\/span><\/header><div class='slide-entry-excerpt entry-content'  itemprop=\"text\" >Muzeum Marii Sk\u0142odowskiej-Curie wraz z Elisabeth Duda zaprasza na cykl 10 letnich film\u00f3w \"Pary\u017c Marii Sk\u0142odowskiej-Curie. Le Paris de Marie\", w kt\u00f3rych odtw\u00f3rczyni roli noblistki (w dokumencie Krzysztofa Rogulskiego \"\u015aladami Marii Sk\u0142odowskiej-Curie\")\u2026<\/div><\/div><footer class=\"entry-footer\"><div class=\"slide-meta\"><time class='slide-meta-time updated'  itemprop=\"datePublished\" datetime=\"2021-03-13T18:32:50+00:00\" >13 marca 2021<\/time><\/div><\/footer><span class='hidden'>\n\t\t\t\t<span class='av-structured-data'  itemprop=\"image\" itemscope=\"itemscope\" itemtype=\"https:\/\/schema.org\/ImageObject\" >\n\t\t\t\t\t\t<span itemprop='url'>https:\/\/elisabethduda.com\/wp-content\/uploads\/2021\/03\/Pary\u017c-Marii-Sk\u0142odowskiej-Curie.-Le-Paris-de-Marie.-Odc.-5-Dworzec-P\u00f3\u0142nocny-YouTube.jpg<\/span>\n\t\t\t\t\t\t<span itemprop='height'>1170<\/span>\n\t\t\t\t\t\t<span itemprop='width'>2532<\/span>\n\t\t\t\t<\/span>\n\t\t\t\t<span class='av-structured-data'  itemprop=\"publisher\" itemtype=\"https:\/\/schema.org\/Organization\" itemscope=\"itemscope\" >\n\t\t\t\t\t\t<span itemprop='name'>admin<\/span>\n\t\t\t\t\t\t<span itemprop='logo' itemscope itemtype='https:\/\/schema.org\/ImageObject'>\n\t\t\t\t\t\t\t<span itemprop='url'>http:\/\/elisabethduda.com\/wp-content\/uploads\/2021\/07\/logo-new.jpg<\/span>\n\t\t\t\t\t\t<\/span>\n\t\t\t\t<\/span><span class='av-structured-data'  itemprop=\"author\" itemscope=\"itemscope\" itemtype=\"https:\/\/schema.org\/Person\" ><span itemprop='name'>admin<\/span><\/span><span class='av-structured-data'  itemprop=\"datePublished\" datetime=\"2017-02-06T15:50:58+00:00\" >2021-03-13 18:32:50<\/span><span class='av-structured-data'  itemprop=\"dateModified\" itemtype=\"https:\/\/schema.org\/dateModified\" >2021-07-11 11:41:46<\/span><span class='av-structured-data'  itemprop=\"mainEntityOfPage\" itemtype=\"https:\/\/schema.org\/mainEntityOfPage\" ><span itemprop='name'>Pary\u017c Marii Sk\u0142odowskiej-Curie. Le Paris de Marie.<\/span><\/span><\/span><\/article><article class='slide-entry flex_column  post-entry post-entry-578 slide-entry-overview slide-loop-2 slide-parity-even  av_one_third  real-thumbnail posttype-post post-format-standard'  itemscope=\"itemscope\" itemtype=\"https:\/\/schema.org\/CreativeWork\" ><a href='https:\/\/elisabethduda.com\/pl\/2020\/06\/25\/shooting-photo-avec-woytek-konarzewski\/' data-rel='slide-1' class='slide-image' title='Sesja zdj\u0119ciowa z Wojtkiem Konarzewskim'><img decoding=\"async\" fetchpriority=\"high\" width=\"495\" height=\"400\" src=\"https:\/\/elisabethduda.com\/wp-content\/uploads\/2020\/06\/1-3-495x400.jpg\" class=\"wp-image-668 avia-img-lazy-loading-not-668 attachment-portfolio size-portfolio wp-post-image\" alt=\"\" srcset=\"https:\/\/elisabethduda.com\/wp-content\/uploads\/2020\/06\/1-3-495x400.jpg 495w, https:\/\/elisabethduda.com\/wp-content\/uploads\/2020\/06\/1-3-845x684.jpg 845w\" sizes=\"(max-width: 495px) 100vw, 495px\" \/><\/a><div class=\"slide-content\"><header class=\"entry-content-header\" aria-label=\"Slide: Sesja zdj\u0119ciowa z Wojtkiem Konarzewskim\"><h3 class='slide-entry-title entry-title '  itemprop=\"headline\" ><a href='https:\/\/elisabethduda.com\/pl\/2020\/06\/25\/shooting-photo-avec-woytek-konarzewski\/' title='Sesja zdj\u0119ciowa z Wojtkiem Konarzewskim'>Sesja zdj\u0119ciowa z Wojtkiem Konarzewskim<\/a><\/h3><span class=\"blog-categories minor-meta\"><a href=\"https:\/\/elisabethduda.com\/pl\/category\/actualite-news\/\" rel=\"tag\">Actualit\u00e9<\/a> <\/span><span class=\"av-vertical-delimiter\"><\/span><\/header><div class='slide-entry-excerpt entry-content'  itemprop=\"text\" >WOYTEK KONARZEWSKI jest wspania\u0142ym fotografem polskiego pochodzenia, mieszkaj\u0105cy w Pary\u017cu. \r\n\r\nPoznali\u015bmy podczas trzech sesji i zostali\u015bmy przyjaci\u1f79\u0142mi. \r\n\r\nOto skr\u1f79t tych spotka\u0144.\r\n\r\n[layerslider id=\"12\"]<\/div><\/div><footer class=\"entry-footer\"><div class=\"slide-meta\"><time class='slide-meta-time updated'  itemprop=\"datePublished\" datetime=\"2020-06-25T13:08:53+00:00\" >25 czerwca 2020<\/time><\/div><\/footer><span class='hidden'>\n\t\t\t\t<span class='av-structured-data'  itemprop=\"image\" itemscope=\"itemscope\" itemtype=\"https:\/\/schema.org\/ImageObject\" >\n\t\t\t\t\t\t<span itemprop='url'>https:\/\/elisabethduda.com\/wp-content\/uploads\/2020\/06\/1-3.jpg<\/span>\n\t\t\t\t\t\t<span itemprop='height'>1426<\/span>\n\t\t\t\t\t\t<span itemprop='width'>2500<\/span>\n\t\t\t\t<\/span>\n\t\t\t\t<span class='av-structured-data'  itemprop=\"publisher\" itemtype=\"https:\/\/schema.org\/Organization\" itemscope=\"itemscope\" >\n\t\t\t\t\t\t<span itemprop='name'>admin<\/span>\n\t\t\t\t\t\t<span itemprop='logo' itemscope itemtype='https:\/\/schema.org\/ImageObject'>\n\t\t\t\t\t\t\t<span itemprop='url'>http:\/\/elisabethduda.com\/wp-content\/uploads\/2021\/07\/logo-new.jpg<\/span>\n\t\t\t\t\t\t<\/span>\n\t\t\t\t<\/span><span class='av-structured-data'  itemprop=\"author\" itemscope=\"itemscope\" itemtype=\"https:\/\/schema.org\/Person\" ><span itemprop='name'>admin<\/span><\/span><span class='av-structured-data'  itemprop=\"datePublished\" datetime=\"2017-02-06T15:50:58+00:00\" >2020-06-25 13:08:53<\/span><span class='av-structured-data'  itemprop=\"dateModified\" itemtype=\"https:\/\/schema.org\/dateModified\" >2020-06-25 13:17:40<\/span><span class='av-structured-data'  itemprop=\"mainEntityOfPage\" itemtype=\"https:\/\/schema.org\/mainEntityOfPage\" ><span itemprop='name'>Sesja zdj\u0119ciowa z Wojtkiem Konarzewskim<\/span><\/span><\/span><\/article><article class='slide-entry flex_column  post-entry post-entry-585 slide-entry-overview slide-loop-3 slide-parity-odd  av_one_third  real-thumbnail posttype-post post-format-standard'  itemscope=\"itemscope\" itemtype=\"https:\/\/schema.org\/CreativeWork\" ><a href='https:\/\/elisabethduda.com\/pl\/2020\/06\/17\/poesies-et-lectures-inspirations-de-confinement\/' data-rel='slide-1' class='slide-image' title='Wiersze i czytnia &#8211; tworczo\u015b\u0107 w kwarantannie'><img decoding=\"async\" fetchpriority=\"high\" width=\"495\" height=\"400\" src=\"https:\/\/elisabethduda.com\/wp-content\/uploads\/2020\/06\/15-495x400.jpg\" class=\"wp-image-440 avia-img-lazy-loading-not-440 attachment-portfolio size-portfolio wp-post-image\" alt=\"\" srcset=\"https:\/\/elisabethduda.com\/wp-content\/uploads\/2020\/06\/15-495x400.jpg 495w, https:\/\/elisabethduda.com\/wp-content\/uploads\/2020\/06\/15-845x684.jpg 845w\" sizes=\"(max-width: 495px) 100vw, 495px\" \/><\/a><div class=\"slide-content\"><header class=\"entry-content-header\" aria-label=\"Slide: Wiersze i czytnia - tworczo\u015b\u0107 w kwarantannie\"><h3 class='slide-entry-title entry-title '  itemprop=\"headline\" ><a href='https:\/\/elisabethduda.com\/pl\/2020\/06\/17\/poesies-et-lectures-inspirations-de-confinement\/' title='Wiersze i czytnia &#8211; tworczo\u015b\u0107 w kwarantannie'>Wiersze i czytnia &#8211; tworczo\u015b\u0107 w kwarantannie<\/a><\/h3><span class=\"blog-categories minor-meta\"><a href=\"https:\/\/elisabethduda.com\/pl\/category\/actualite-news\/\" rel=\"tag\">Actualit\u00e9<\/a>, <a href=\"https:\/\/elisabethduda.com\/pl\/category\/confinement\/\" rel=\"tag\">KWARANTANNA<\/a> <\/span><span class=\"av-vertical-delimiter\"><\/span><\/header><div class='slide-entry-excerpt entry-content'  itemprop=\"text\" >(foto \u00a9 Woytek Konarzewski)\r\n\r\n\r\nPodczas kwarantanny niekt\u00f3rzy postanowili wykona\u0107 to, czego nigdy nie odwa\u017cyli by si\u0119 zrobi\u0107 lub zamkn\u0105\u0107 w ko\u0144cu niedoko\u0144czone projekty; inni zmyli si\u0119 z linii horyzontu i schowali si\u0119 w cichej spi\u0105czce,\u2026<\/div><\/div><footer class=\"entry-footer\"><div class=\"slide-meta\"><time class='slide-meta-time updated'  itemprop=\"datePublished\" datetime=\"2020-06-17T20:21:08+00:00\" >17 czerwca 2020<\/time><\/div><\/footer><span class='hidden'>\n\t\t\t\t<span class='av-structured-data'  itemprop=\"image\" itemscope=\"itemscope\" itemtype=\"https:\/\/schema.org\/ImageObject\" >\n\t\t\t\t\t\t<span itemprop='url'>https:\/\/elisabethduda.com\/wp-content\/uploads\/2020\/06\/15.jpg<\/span>\n\t\t\t\t\t\t<span itemprop='height'>1300<\/span>\n\t\t\t\t\t\t<span itemprop='width'>1041<\/span>\n\t\t\t\t<\/span>\n\t\t\t\t<span class='av-structured-data'  itemprop=\"publisher\" itemtype=\"https:\/\/schema.org\/Organization\" itemscope=\"itemscope\" >\n\t\t\t\t\t\t<span itemprop='name'>admin<\/span>\n\t\t\t\t\t\t<span itemprop='logo' itemscope itemtype='https:\/\/schema.org\/ImageObject'>\n\t\t\t\t\t\t\t<span itemprop='url'>http:\/\/elisabethduda.com\/wp-content\/uploads\/2021\/07\/logo-new.jpg<\/span>\n\t\t\t\t\t\t<\/span>\n\t\t\t\t<\/span><span class='av-structured-data'  itemprop=\"author\" itemscope=\"itemscope\" itemtype=\"https:\/\/schema.org\/Person\" ><span itemprop='name'>admin<\/span><\/span><span class='av-structured-data'  itemprop=\"datePublished\" datetime=\"2017-02-06T15:50:58+00:00\" >2020-06-17 20:21:08<\/span><span class='av-structured-data'  itemprop=\"dateModified\" itemtype=\"https:\/\/schema.org\/dateModified\" >2020-06-18 15:42:00<\/span><span class='av-structured-data'  itemprop=\"mainEntityOfPage\" itemtype=\"https:\/\/schema.org\/mainEntityOfPage\" ><span itemprop='name'>Wiersze i czytnia &#8211; tworczo\u015b\u0107 w kwarantannie<\/span><\/span><\/span><\/article><\/div><div class=\"slide-entry-wrap\"><article class='slide-entry flex_column  post-entry post-entry-575 slide-entry-overview slide-loop-4 slide-parity-odd  av_one_third first real-thumbnail posttype-post post-format-standard'  itemscope=\"itemscope\" itemtype=\"https:\/\/schema.org\/CreativeWork\" ><a href='https:\/\/elisabethduda.com\/pl\/2020\/06\/16\/shoot-photo-avec-le-celebre-affichiste-michal-batory\/' data-rel='slide-1' class='slide-image' title='sesja zdj\u0119ciowa z Micha\u0142em Batorym'><img decoding=\"async\" fetchpriority=\"high\" width=\"495\" height=\"400\" src=\"https:\/\/elisabethduda.com\/wp-content\/uploads\/2020\/06\/Ela-8-NB-495x400.jpg\" class=\"wp-image-460 avia-img-lazy-loading-not-460 attachment-portfolio size-portfolio wp-post-image\" alt=\"\" srcset=\"https:\/\/elisabethduda.com\/wp-content\/uploads\/2020\/06\/Ela-8-NB-495x400.jpg 495w, https:\/\/elisabethduda.com\/wp-content\/uploads\/2020\/06\/Ela-8-NB-845x684.jpg 845w\" sizes=\"(max-width: 495px) 100vw, 495px\" \/><\/a><div class=\"slide-content\"><header class=\"entry-content-header\" aria-label=\"Slide: sesja zdj\u0119ciowa z Micha\u0142em Batorym\"><h3 class='slide-entry-title entry-title '  itemprop=\"headline\" ><a href='https:\/\/elisabethduda.com\/pl\/2020\/06\/16\/shoot-photo-avec-le-celebre-affichiste-michal-batory\/' title='sesja zdj\u0119ciowa z Micha\u0142em Batorym'>sesja zdj\u0119ciowa z Micha\u0142em Batorym<\/a><\/h3><span class=\"blog-categories minor-meta\"><a href=\"https:\/\/elisabethduda.com\/pl\/category\/actualite-news\/\" rel=\"tag\">Actualit\u00e9<\/a> <\/span><span class=\"av-vertical-delimiter\"><\/span><\/header><div class='slide-entry-excerpt entry-content'  itemprop=\"text\" >MICHA\u0141 BATORY, to jeden z najciekawszych artysto\u0301w naszych czaso\u0301w. Wiem co\u015b o tym, poniewa\u017c sama zorganizowa\u0142am Mu wystawe\u0328 po\u0301\u0142tora roku temu, z okazji stulecia odzyskania Niepodleg\u0142o\u015bci Polski. Z pewno\u015bci\u0105 znacie Jego plakaty.\u2026<\/div><\/div><footer class=\"entry-footer\"><div class=\"slide-meta\"><time class='slide-meta-time updated'  itemprop=\"datePublished\" datetime=\"2020-06-16T15:48:14+00:00\" >16 czerwca 2020<\/time><\/div><\/footer><span class='hidden'>\n\t\t\t\t<span class='av-structured-data'  itemprop=\"image\" itemscope=\"itemscope\" itemtype=\"https:\/\/schema.org\/ImageObject\" >\n\t\t\t\t\t\t<span itemprop='url'>https:\/\/elisabethduda.com\/wp-content\/uploads\/2020\/06\/Ela-8-NB-scaled.jpg<\/span>\n\t\t\t\t\t\t<span itemprop='height'>2560<\/span>\n\t\t\t\t\t\t<span itemprop='width'>1707<\/span>\n\t\t\t\t<\/span>\n\t\t\t\t<span class='av-structured-data'  itemprop=\"publisher\" itemtype=\"https:\/\/schema.org\/Organization\" itemscope=\"itemscope\" >\n\t\t\t\t\t\t<span itemprop='name'>admin<\/span>\n\t\t\t\t\t\t<span itemprop='logo' itemscope itemtype='https:\/\/schema.org\/ImageObject'>\n\t\t\t\t\t\t\t<span itemprop='url'>http:\/\/elisabethduda.com\/wp-content\/uploads\/2021\/07\/logo-new.jpg<\/span>\n\t\t\t\t\t\t<\/span>\n\t\t\t\t<\/span><span class='av-structured-data'  itemprop=\"author\" itemscope=\"itemscope\" itemtype=\"https:\/\/schema.org\/Person\" ><span itemprop='name'>admin<\/span><\/span><span class='av-structured-data'  itemprop=\"datePublished\" datetime=\"2017-02-06T15:50:58+00:00\" >2020-06-16 15:48:14<\/span><span class='av-structured-data'  itemprop=\"dateModified\" itemtype=\"https:\/\/schema.org\/dateModified\" >2020-06-16 15:54:39<\/span><span class='av-structured-data'  itemprop=\"mainEntityOfPage\" itemtype=\"https:\/\/schema.org\/mainEntityOfPage\" ><span itemprop='name'>sesja zdj\u0119ciowa z Micha\u0142em Batorym<\/span><\/span><\/span><\/article><article class='slide-entry flex_column  post-entry post-entry-532 slide-entry-overview slide-loop-5 slide-parity-even  av_one_third  real-thumbnail posttype-post post-format-standard'  itemscope=\"itemscope\" itemtype=\"https:\/\/schema.org\/CreativeWork\" ><a href='https:\/\/elisabethduda.com\/pl\/2020\/06\/14\/souvenirs-du-tournage-viva-la-bella\/' data-rel='slide-1' class='slide-image' title='Wspomnienia z planu VIVA LA BELLA'><img decoding=\"async\" fetchpriority=\"high\" width=\"495\" height=\"400\" src=\"https:\/\/elisabethduda.com\/wp-content\/uploads\/2020\/06\/IMG_2815-495x400.jpg\" class=\"wp-image-483 avia-img-lazy-loading-not-483 attachment-portfolio size-portfolio wp-post-image\" alt=\"\" srcset=\"https:\/\/elisabethduda.com\/wp-content\/uploads\/2020\/06\/IMG_2815-495x400.jpg 495w, https:\/\/elisabethduda.com\/wp-content\/uploads\/2020\/06\/IMG_2815-845x684.jpg 845w\" sizes=\"(max-width: 495px) 100vw, 495px\" \/><\/a><div class=\"slide-content\"><header class=\"entry-content-header\" aria-label=\"Slide: Wspomnienia z planu VIVA LA BELLA\"><h3 class='slide-entry-title entry-title '  itemprop=\"headline\" ><a href='https:\/\/elisabethduda.com\/pl\/2020\/06\/14\/souvenirs-du-tournage-viva-la-bella\/' title='Wspomnienia z planu VIVA LA BELLA'>Wspomnienia z planu VIVA LA BELLA<\/a><\/h3><span class=\"blog-categories minor-meta\"><a href=\"https:\/\/elisabethduda.com\/pl\/category\/actualite-news\/\" rel=\"tag\">Actualit\u00e9<\/a> <\/span><span class=\"av-vertical-delimiter\"><\/span><\/header><div class='slide-entry-excerpt entry-content'  itemprop=\"text\" >Na pocz\u0105tku marca 2020, tu\u017c przed kwarantann\u0105, spowodowanej przez pandemii COVID-a, uda\u0142o mi si\u015b wyst\u0105pi\u0107 w kr\u1f79tkometra\u017cowym filmie pt. VIVA LA BELLA, wyre\u017cyserowym przez VIGGIE. Gram w nim g\u0142\u1f79wn\u0105 rol\u0119, u boku francuskiej aktorki\u2026<\/div><\/div><footer class=\"entry-footer\"><div class=\"slide-meta\"><time class='slide-meta-time updated'  itemprop=\"datePublished\" datetime=\"2020-06-14T22:03:02+00:00\" >14 czerwca 2020<\/time><\/div><\/footer><span class='hidden'>\n\t\t\t\t<span class='av-structured-data'  itemprop=\"image\" itemscope=\"itemscope\" itemtype=\"https:\/\/schema.org\/ImageObject\" >\n\t\t\t\t\t\t<span itemprop='url'>https:\/\/elisabethduda.com\/wp-content\/uploads\/2020\/06\/IMG_2815-scaled.jpg<\/span>\n\t\t\t\t\t\t<span itemprop='height'>1707<\/span>\n\t\t\t\t\t\t<span itemprop='width'>2560<\/span>\n\t\t\t\t<\/span>\n\t\t\t\t<span class='av-structured-data'  itemprop=\"publisher\" itemtype=\"https:\/\/schema.org\/Organization\" itemscope=\"itemscope\" >\n\t\t\t\t\t\t<span itemprop='name'>admin<\/span>\n\t\t\t\t\t\t<span itemprop='logo' itemscope itemtype='https:\/\/schema.org\/ImageObject'>\n\t\t\t\t\t\t\t<span itemprop='url'>http:\/\/elisabethduda.com\/wp-content\/uploads\/2021\/07\/logo-new.jpg<\/span>\n\t\t\t\t\t\t<\/span>\n\t\t\t\t<\/span><span class='av-structured-data'  itemprop=\"author\" itemscope=\"itemscope\" itemtype=\"https:\/\/schema.org\/Person\" ><span itemprop='name'>admin<\/span><\/span><span class='av-structured-data'  itemprop=\"datePublished\" datetime=\"2017-02-06T15:50:58+00:00\" >2020-06-14 22:03:02<\/span><span class='av-structured-data'  itemprop=\"dateModified\" itemtype=\"https:\/\/schema.org\/dateModified\" >2020-06-15 16:53:29<\/span><span class='av-structured-data'  itemprop=\"mainEntityOfPage\" itemtype=\"https:\/\/schema.org\/mainEntityOfPage\" ><span itemprop='name'>Wspomnienia z planu VIVA LA BELLA<\/span><\/span><\/span><\/article><article class='slide-entry flex_column  post-entry post-entry-391 slide-entry-overview slide-loop-6 slide-parity-odd  post-entry-last  av_one_third  real-thumbnail posttype-post post-format-image'  itemscope=\"itemscope\" itemtype=\"https:\/\/schema.org\/CreativeWork\" ><a href='https:\/\/elisabethduda.com\/pl\/2018\/03\/22\/grace-a-pierre-taisne-un-role-passionnant-mattend-au-perou-en-novembre-prochain\/' data-rel='slide-1' class='slide-image' title='Duza rola w niezwyklym filmie od przyszlego listopada w Peru!'><img decoding=\"async\" fetchpriority=\"high\" width=\"495\" height=\"400\" src=\"https:\/\/elisabethduda.com\/wp-content\/uploads\/2018\/03\/affiche-495x400.jpg\" class=\"wp-image-394 avia-img-lazy-loading-not-394 attachment-portfolio size-portfolio wp-post-image\" alt=\"\" \/><\/a><div class=\"slide-content\"><header class=\"entry-content-header\" aria-label=\"Slide: Duza rola w niezwyklym filmie od przyszlego listopada w Peru!\"><h3 class='slide-entry-title entry-title '  itemprop=\"headline\" ><a href='https:\/\/elisabethduda.com\/pl\/2018\/03\/22\/grace-a-pierre-taisne-un-role-passionnant-mattend-au-perou-en-novembre-prochain\/' title='Duza rola w niezwyklym filmie od przyszlego listopada w Peru!'>Duza rola w niezwyklym filmie od przyszlego listopada w Peru!<\/a><\/h3><span class=\"blog-categories minor-meta\"><a href=\"https:\/\/elisabethduda.com\/pl\/category\/actualite-news\/\" rel=\"tag\">Actualit\u00e9<\/a> <\/span><span class=\"av-vertical-delimiter\"><\/span><\/header><div class='slide-entry-excerpt entry-content'  itemprop=\"text\" >https:\/\/www.yuraqthemovie.com\/single-post\/2018\/03\/16\/Elisabeth-Duda-joins-the-cast<\/div><\/div><footer class=\"entry-footer\"><div class=\"slide-meta\"><time class='slide-meta-time updated'  itemprop=\"datePublished\" datetime=\"2018-03-22T14:56:39+00:00\" >22 marca 2018<\/time><\/div><\/footer><span class='hidden'>\n\t\t\t\t<span class='av-structured-data'  itemprop=\"image\" itemscope=\"itemscope\" itemtype=\"https:\/\/schema.org\/ImageObject\" >\n\t\t\t\t\t\t<span itemprop='url'>https:\/\/elisabethduda.com\/wp-content\/uploads\/2018\/03\/affiche.jpg<\/span>\n\t\t\t\t\t\t<span itemprop='height'>1000<\/span>\n\t\t\t\t\t\t<span itemprop='width'>654<\/span>\n\t\t\t\t<\/span>\n\t\t\t\t<span class='av-structured-data'  itemprop=\"publisher\" itemtype=\"https:\/\/schema.org\/Organization\" itemscope=\"itemscope\" >\n\t\t\t\t\t\t<span itemprop='name'>admin<\/span>\n\t\t\t\t\t\t<span itemprop='logo' itemscope itemtype='https:\/\/schema.org\/ImageObject'>\n\t\t\t\t\t\t\t<span itemprop='url'>http:\/\/elisabethduda.com\/wp-content\/uploads\/2021\/07\/logo-new.jpg<\/span>\n\t\t\t\t\t\t<\/span>\n\t\t\t\t<\/span><span class='av-structured-data'  itemprop=\"author\" itemscope=\"itemscope\" itemtype=\"https:\/\/schema.org\/Person\" ><span itemprop='name'>admin<\/span><\/span><span class='av-structured-data'  itemprop=\"datePublished\" datetime=\"2017-02-06T15:50:58+00:00\" >2018-03-22 14:56:39<\/span><span class='av-structured-data'  itemprop=\"dateModified\" itemtype=\"https:\/\/schema.org\/dateModified\" >2018-03-24 12:15:45<\/span><span class='av-structured-data'  itemprop=\"mainEntityOfPage\" itemtype=\"https:\/\/schema.org\/mainEntityOfPage\" ><span itemprop='name'>Duza rola w niezwyklym filmie od przyszlego listopada w Peru!<\/span><\/span><\/span><\/article><\/div><\/div><div class='pagination-wrap pagination-slider'><nav class='pagination'><span class='pagination-meta'>Strona 1 z 3<\/span><span class='current'>1<\/span><a href='https:\/\/elisabethduda.com\/pl\/wp-json\/wp\/v2\/pages\/15\/?avia-element-paging=2' class='inactive next_page' >2<\/a><a href='https:\/\/elisabethduda.com\/pl\/wp-json\/wp\/v2\/pages\/15\/?avia-element-paging=3' class='inactive' >3<\/a><\/nav>\n<\/div><\/div>\n<p>&nbsp;<\/p>\n","protected":false},"excerpt":{"rendered":"<p>[layerslider id=&#8221;3&#8243;] &nbsp; &nbsp;<\/p>\n","protected":false},"author":1,"featured_media":0,"parent":0,"menu_order":0,"comment_status":"closed","ping_status":"closed","template":"","meta":{"footnotes":""},"class_list":["post-15","page","type-page","status-publish","hentry"],"_links":{"self":[{"href":"https:\/\/elisabethduda.com\/pl\/wp-json\/wp\/v2\/pages\/15","targetHints":{"allow":["GET"]}}],"collection":[{"href":"https:\/\/elisabethduda.com\/pl\/wp-json\/wp\/v2\/pages"}],"about":[{"href":"https:\/\/elisabethduda.com\/pl\/wp-json\/wp\/v2\/types\/page"}],"author":[{"embeddable":true,"href":"https:\/\/elisabethduda.com\/pl\/wp-json\/wp\/v2\/users\/1"}],"replies":[{"embeddable":true,"href":"https:\/\/elisabethduda.com\/pl\/wp-json\/wp\/v2\/comments?post=15"}],"version-history":[{"count":11,"href":"https:\/\/elisabethduda.com\/pl\/wp-json\/wp\/v2\/pages\/15\/revisions"}],"predecessor-version":[{"id":722,"href":"https:\/\/elisabethduda.com\/pl\/wp-json\/wp\/v2\/pages\/15\/revisions\/722"}],"wp:attachment":[{"href":"https:\/\/elisabethduda.com\/pl\/wp-json\/wp\/v2\/media?parent=15"}],"curies":[{"name":"wp","href":"https:\/\/api.w.org\/{rel}","templated":true}]}}