{"id":159,"date":"2017-03-14T11:51:44","date_gmt":"2017-03-14T10:51:44","guid":{"rendered":"http:\/\/elisabethduda.com\/?page_id=159"},"modified":"2022-04-12T19:15:41","modified_gmt":"2022-04-12T17:15:41","slug":"cours-sans-te-retourner","status":"publish","type":"page","link":"https:\/\/elisabethduda.com\/pl\/cours-sans-te-retourner\/","title":{"rendered":"Biegnij, ch\u0142opcze, biegnij"},"content":{"rendered":"<p>Lato 1942 roku. W wieku o\u015bmiu lat ma\u0142emu Srulikowi udaje si\u0119 jako jedynemu z siedmioosobowej rodziny uciec z warszawskiego getta do Puszczy Kampinoskiej.<br \/>\n\u017bywi si\u0119 le\u015bnym runem, upolowanymi ma\u0142ymi zwierz\u0119tami i tym, co uda si\u0119 ukra\u015b\u0107 w ogr\u00f3dkach okolicznych gospodarzy. Mimo, i\u017c dr\u0119czy go samotno\u015b\u0107, koszmary i ci\u0105g\u0142y g\u0142\u00f3d, udaje mu si\u0119 przetrwa\u0107 lato i jesie\u0144, lecz zima wyp\u0119dza go z lasu do ludzi, z kt\u00f3rych strony wci\u0105\u017c grozi mu zdrada.<\/p>\n<p>Srulik ma szcz\u0119\u015bcie i ukrywany jest tygodniami przez ch\u0142opk\u0119 (Elisabeth Duda), kt\u00f3ra w obawie o jego dalszy los postanawia wyposa\u017cy\u0107 go w now\u0105 to\u017csamo\u015b\u0107: zbieg\u0142ego \u017byda Srulika zmienia w zb\u0142\u0105kanego polskiego sierot\u0119 Jurka, kt\u00f3ry zna chrze\u015bcija\u0144skie modlitwy i nosi krzy\u017cyk na szyi.<\/p>\n<p><strong>Zobacz zwiastun:<\/strong><\/p>\n<div class='avia-iframe-wrap'><iframe loading=\"lazy\" title=\"BIEGNIJ, CH\u0141OPCZE, BIEGNIJ - zwiastun HD\" width=\"1500\" height=\"844\" src=\"https:\/\/www.youtube.com\/embed\/3o9eSFsgn5Q?feature=oembed\" frameborder=\"0\" allow=\"accelerometer; autoplay; clipboard-write; encrypted-media; gyroscope; picture-in-picture\" allowfullscreen><\/iframe><\/div>","protected":false},"excerpt":{"rendered":"<p>Lato 1942 roku. W wieku o\u015bmiu lat ma\u0142emu Srulikowi udaje si\u0119 jako jedynemu z siedmioosobowej rodziny uciec z warszawskiego getta do Puszczy Kampinoskiej. \u017bywi si\u0119 le\u015bnym runem, upolowanymi ma\u0142ymi zwierz\u0119tami i tym, co uda si\u0119 ukra\u015b\u0107 w ogr\u00f3dkach okolicznych gospodarzy. Mimo, i\u017c dr\u0119czy go samotno\u015b\u0107, koszmary i ci\u0105g\u0142y g\u0142\u00f3d, udaje mu si\u0119 przetrwa\u0107 lato i [&hellip;]<\/p>\n","protected":false},"author":1,"featured_media":0,"parent":0,"menu_order":0,"comment_status":"closed","ping_status":"closed","template":"","meta":{"footnotes":""},"class_list":["post-159","page","type-page","status-publish","hentry"],"_links":{"self":[{"href":"https:\/\/elisabethduda.com\/pl\/wp-json\/wp\/v2\/pages\/159","targetHints":{"allow":["GET"]}}],"collection":[{"href":"https:\/\/elisabethduda.com\/pl\/wp-json\/wp\/v2\/pages"}],"about":[{"href":"https:\/\/elisabethduda.com\/pl\/wp-json\/wp\/v2\/types\/page"}],"author":[{"embeddable":true,"href":"https:\/\/elisabethduda.com\/pl\/wp-json\/wp\/v2\/users\/1"}],"replies":[{"embeddable":true,"href":"https:\/\/elisabethduda.com\/pl\/wp-json\/wp\/v2\/comments?post=159"}],"version-history":[{"count":11,"href":"https:\/\/elisabethduda.com\/pl\/wp-json\/wp\/v2\/pages\/159\/revisions"}],"predecessor-version":[{"id":844,"href":"https:\/\/elisabethduda.com\/pl\/wp-json\/wp\/v2\/pages\/159\/revisions\/844"}],"wp:attachment":[{"href":"https:\/\/elisabethduda.com\/pl\/wp-json\/wp\/v2\/media?parent=159"}],"curies":[{"name":"wp","href":"https:\/\/api.w.org\/{rel}","templated":true}]}}